{"id":302,"date":"2023-06-14T13:17:54","date_gmt":"2023-06-14T11:17:54","guid":{"rendered":"https:\/\/outinord.fr\/site2023\/?page_id=302"},"modified":"2023-10-04T16:21:12","modified_gmt":"2023-10-04T14:21:12","slug":"divers","status":"publish","type":"page","link":"https:\/\/outinord.fr\/?page_id=302","title":{"rendered":"Divers"},"content":{"rendered":"\n<figure class=\"wp-block-table\"><table><tbody><tr><td><strong><a href=\"https:\/\/outinord.fr\/?page_id=308\" data-type=\"page\" data-id=\"308\" target=\"_blank\" rel=\"noreferrer noopener\">Indicateur hommes femmes<\/a><\/strong><\/td><\/tr><tr><td><strong><a href=\"https:\/\/outinord.fr\/?page_id=305\" data-type=\"page\" data-id=\"305\" target=\"_blank\" rel=\"noreferrer noopener\">Mentions L\u00e9gales<\/a><\/strong><\/td><\/tr><tr><td><strong><a href=\"https:\/\/outinord.fr\/?page_id=2264\" data-type=\"page\" data-id=\"2264\">Conditions G\u00e9n\u00e9rales de Ventes<\/a><\/strong><\/td><\/tr><tr><td><a href=\"https:\/\/www.youtube.com\/user\/OutinordSA\/videos\" data-type=\"link\" data-id=\"https:\/\/www.youtube.com\/user\/OutinordSA\/videos\"><strong>Vid\u00e9os Youtube<\/strong><\/a><\/td><\/tr><\/tbody><\/table><\/figure>\n","protected":false},"excerpt":{"rendered":"<p>Indicateur hommes femmes Mentions L\u00e9gales Conditions G\u00e9n\u00e9rales de Ventes Vid\u00e9os Youtube<\/p>\n","protected":false},"author":1,"featured_media":0,"parent":0,"menu_order":0,"comment_status":"closed","ping_status":"closed","template":"fullwidth.php","meta":{"footnotes":""},"class_list":["post-302","page","type-page","status-publish","hentry"],"_links":{"self":[{"href":"https:\/\/outinord.fr\/index.php?rest_route=\/wp\/v2\/pages\/302","targetHints":{"allow":["GET"]}}],"collection":[{"href":"https:\/\/outinord.fr\/index.php?rest_route=\/wp\/v2\/pages"}],"about":[{"href":"https:\/\/outinord.fr\/index.php?rest_route=\/wp\/v2\/types\/page"}],"author":[{"embeddable":true,"href":"https:\/\/outinord.fr\/index.php?rest_route=\/wp\/v2\/users\/1"}],"replies":[{"embeddable":true,"href":"https:\/\/outinord.fr\/index.php?rest_route=%2Fwp%2Fv2%2Fcomments&post=302"}],"version-history":[{"count":18,"href":"https:\/\/outinord.fr\/index.php?rest_route=\/wp\/v2\/pages\/302\/revisions"}],"predecessor-version":[{"id":2394,"href":"https:\/\/outinord.fr\/index.php?rest_route=\/wp\/v2\/pages\/302\/revisions\/2394"}],"wp:attachment":[{"href":"https:\/\/outinord.fr\/index.php?rest_route=%2Fwp%2Fv2%2Fmedia&parent=302"}],"curies":[{"name":"wp","href":"https:\/\/api.w.org\/{rel}","templated":true}]}}