{"id":3000,"date":"2023-10-16T12:21:52","date_gmt":"2023-10-16T10:21:52","guid":{"rendered":"https:\/\/outinord.fr\/?page_id=3000"},"modified":"2023-10-19T16:28:57","modified_gmt":"2023-10-19T14:28:57","slug":"banche-telescopique-cotes-bloquees","status":"publish","type":"page","link":"https:\/\/outinord.fr\/?page_id=3000","title":{"rendered":"Banche t\u00e9lescopique cotes bloqu\u00e9es"},"content":{"rendered":"\n<p class=\"has-black-color has-text-color has-medium-font-size\"><strong>La Banche t\u00e9lescopique pour cotes bloqu\u00e9es compatible B8000\/B10000 est r\u00e9glable de 1m \u00e0 1m50.<\/strong> <strong>La mise \u00e0 dimension de l\u2019extension se fait facilement \u00e0 la cl\u00e9 de banche \u00e0 l\u2019aide de la cr\u00e9maill\u00e8re int\u00e9gr\u00e9e<\/strong>.<strong> L\u2019extension est \u00e9quip\u00e9e d\u2019un contreplaqu\u00e9 de 18mm affleurant \u00e0 la face coffrante inox.<\/strong> <strong>Le contreplaqu\u00e9 se fixe par l\u2019arri\u00e8re de la banche, ce qui permet un parement sans d\u00e9faut.<\/strong><\/p>\n\n\n\n<hr class=\"wp-block-separator has-alpha-channel-opacity\"\/>\n\n\n\n<div class=\"wp-block-group is-vertical is-layout-flex wp-container-core-group-is-layout-8cf370e7 wp-block-group-is-layout-flex\">\n<div class=\"wp-block-group alignwide has-black-color has-text-color\"><div class=\"wp-block-group__inner-container is-layout-constrained wp-block-group-is-layout-constrained\">\n<div class=\"wp-block-media-text alignwide is-stacked-on-mobile is-vertically-aligned-top has-black-color has-text-color\" style=\"grid-template-columns:34% auto\"><figure class=\"wp-block-media-text__media\"><img loading=\"lazy\" decoding=\"async\" width=\"673\" height=\"1024\" src=\"https:\/\/outinord.fr\/wp-content\/uploads\/2023\/10\/Banche-telescopique.jpg\" alt=\"\" class=\"wp-image-3134 size-full\" srcset=\"https:\/\/outinord.fr\/wp-content\/uploads\/2023\/10\/Banche-telescopique.jpg 673w, https:\/\/outinord.fr\/wp-content\/uploads\/2023\/10\/Banche-telescopique-197x300.jpg 197w\" sizes=\"auto, (max-width: 673px) 100vw, 673px\" \/><\/figure><div class=\"wp-block-media-text__content\">\n<h2 class=\"wp-block-heading has-luminous-vivid-orange-color has-text-color\">Les nouveaut\u00e9s de la Banche t\u00e9lescopique :<\/h2>\n\n\n\n<ul class=\"has-black-color has-text-color wp-block-list\">\n<li class=\"has-medium-font-size\">Poids moyen du coffrage: 170 kg\/m\u00b2 (banche 2,8 x 1,5) Sans bois ni contreplaqu\u00e9<br><\/li>\n\n\n\n<li class=\"has-medium-font-size\">Pression b\u00e9ton admissible: 10T\/m\u00b2<br><\/li>\n\n\n\n<li class=\"has-medium-font-size\">Liaison lat\u00e9rale compatible avec toute la gamme B10000<br><\/li>\n\n\n\n<li class=\"has-medium-font-size\">Levage vertical en 2 points.<br><\/li>\n\n\n\n<li class=\"has-medium-font-size\">Contreplaqu\u00e9 epr=18mm affleurant avec t\u00f4le coffrante inox et filant pour c\u00f4te bloqu\u00e9e<br><\/li>\n\n\n\n<li class=\"has-medium-font-size\">Utilisation en reprise de voile inclin\u00e9<br><\/li>\n\n\n\n<li class=\"has-medium-font-size\">Rail de guidage sur roulements              <\/li>\n<\/ul>\n\n\n\n<div class=\"wp-block-buttons has-custom-font-size has-medium-font-size is-layout-flex wp-block-buttons-is-layout-flex\">\n<div class=\"wp-block-button\"><a class=\"wp-block-button__link has-luminous-vivid-orange-background-color has-background wp-element-button\" href=\"https:\/\/outinord.fr\/pdf\/Btelescopique.pdf\" target=\"_blank\" rel=\"noreferrer noopener\"><strong>Documentation compl\u00e8te en PDF<\/strong><\/a><\/div>\n<\/div>\n<\/div><\/div>\n<\/div><\/div>\n<\/div>\n\n\n\n<hr class=\"wp-block-separator has-alpha-channel-opacity\"\/>\n\n\n\n<figure class=\"wp-block-gallery has-nested-images columns-default is-cropped wp-block-gallery-1 is-layout-flex wp-block-gallery-is-layout-flex\">\n<figure class=\"wp-block-image size-full\"><a href=\"https:\/\/outinord.fr\/wp-content\/uploads\/2023\/10\/chantierteles1.jpg\" target=\"_blank\" rel=\"noreferrer noopener\"><img loading=\"lazy\" decoding=\"async\" width=\"1600\" height=\"2133\" data-id=\"3016\" src=\"https:\/\/outinord.fr\/wp-content\/uploads\/2023\/10\/chantierteles1.jpg\" alt=\"\" class=\"wp-image-3016\" srcset=\"https:\/\/outinord.fr\/wp-content\/uploads\/2023\/10\/chantierteles1.jpg 1600w, https:\/\/outinord.fr\/wp-content\/uploads\/2023\/10\/chantierteles1-225x300.jpg 225w, https:\/\/outinord.fr\/wp-content\/uploads\/2023\/10\/chantierteles1-768x1024.jpg 768w, https:\/\/outinord.fr\/wp-content\/uploads\/2023\/10\/chantierteles1-1152x1536.jpg 1152w, https:\/\/outinord.fr\/wp-content\/uploads\/2023\/10\/chantierteles1-1536x2048.jpg 1536w\" sizes=\"auto, (max-width: 1600px) 100vw, 1600px\" \/><\/a><\/figure>\n\n\n\n<figure class=\"wp-block-image size-full\"><a href=\"https:\/\/outinord.fr\/wp-content\/uploads\/2023\/10\/chantierteles2.jpg\" target=\"_blank\" rel=\"noreferrer noopener\"><img loading=\"lazy\" decoding=\"async\" width=\"1600\" height=\"2133\" data-id=\"3017\" src=\"https:\/\/outinord.fr\/wp-content\/uploads\/2023\/10\/chantierteles2.jpg\" alt=\"\" class=\"wp-image-3017\" srcset=\"https:\/\/outinord.fr\/wp-content\/uploads\/2023\/10\/chantierteles2.jpg 1600w, https:\/\/outinord.fr\/wp-content\/uploads\/2023\/10\/chantierteles2-225x300.jpg 225w, https:\/\/outinord.fr\/wp-content\/uploads\/2023\/10\/chantierteles2-768x1024.jpg 768w, https:\/\/outinord.fr\/wp-content\/uploads\/2023\/10\/chantierteles2-1152x1536.jpg 1152w, https:\/\/outinord.fr\/wp-content\/uploads\/2023\/10\/chantierteles2-1536x2048.jpg 1536w\" sizes=\"auto, (max-width: 1600px) 100vw, 1600px\" \/><\/a><\/figure>\n<\/figure>\n\n\n\n<hr class=\"wp-block-separator has-alpha-channel-opacity\"\/>\n\n\n\n<div class=\"wp-block-columns alignfull has-text-color has-background is-layout-flex wp-container-core-columns-is-layout-9d6595d7 wp-block-columns-is-layout-flex\" style=\"color:#000000;background-color:#ffffff\">\n<div class=\"wp-block-column is-layout-flow wp-block-column-is-layout-flow\">\n<div class=\"wp-block-buttons is-content-justification-center is-layout-flex wp-container-core-buttons-is-layout-16018d1d wp-block-buttons-is-layout-flex\">\n<div class=\"wp-block-button has-custom-width wp-block-button__width-100 has-custom-font-size is-style-outline is-style-outline--2\" style=\"font-size:16px\"><a class=\"wp-block-button__link has-luminous-vivid-orange-color has-white-background-color has-text-color has-background has-text-align-center wp-element-button\" href=\"https:\/\/outinord.fr\/?page_id=299\" style=\"border-radius:100px\"><strong>OUTINORD<\/strong><\/a><\/div>\n<\/div>\n\n\n\n<p class=\"has-text-align-center\">392 Rue de Millonfosse<br>59230 SAINT-AMAND-LES-EAUX<br>Tel : +33 (0)3 27 23 83 83<br><a href=\"mailto:outinord@outinord.fr\">outinord@outinord.fr<\/a><\/p>\n<\/div>\n\n\n\n<div class=\"wp-block-column is-layout-flow wp-block-column-is-layout-flow\">\n<div class=\"wp-block-buttons is-content-justification-center is-layout-flex wp-container-core-buttons-is-layout-16018d1d wp-block-buttons-is-layout-flex\">\n<div class=\"wp-block-button has-custom-width wp-block-button__width-100 has-custom-font-size is-style-outline is-style-outline--3\" style=\"font-size:16px\"><a class=\"wp-block-button__link has-luminous-vivid-orange-color has-text-color wp-element-button\" href=\"https:\/\/outinord.fr\/?page_id=299\" style=\"border-radius:100px\"><strong>OUTINORD LOCATION<\/strong><\/a><\/div>\n<\/div>\n\n\n\n<p class=\"has-text-align-center\">392 Rue de Millonfosse<br>59230 SAINT-AMAND-LES-EAUX<br>Tel : +33 (0)3 27 48 58 74<br><a href=\"mailto:outinord-location@outinord.fr\">outinord-location@outinord.fr<\/a><\/p>\n<\/div>\n\n\n\n<div class=\"wp-block-column is-layout-flow wp-block-column-is-layout-flow\">\n<div class=\"wp-block-buttons is-layout-flex wp-block-buttons-is-layout-flex\">\n<div class=\"wp-block-button has-custom-width wp-block-button__width-100 has-custom-font-size is-style-outline is-style-outline--4\" style=\"font-size:16px\"><a class=\"wp-block-button__link has-luminous-vivid-orange-color has-text-color wp-element-button\" href=\"https:\/\/outinord.net\/\" style=\"border-radius:100px\" target=\"_blank\" rel=\"noreferrer noopener\"><strong>OUTINORD UNIVERSAL<\/strong><\/a><\/div>\n<\/div>\n\n\n\n<p class=\"has-text-align-center\">20200 W Dixie Hwy. Ste 809<br>Miami, FL 33180 &#8211; USA<br>Tel : +1 (305) 604 3494<br><a href=\"mailto:oui@outinord.net\">oui@outinord.net<\/a><\/p>\n<\/div>\n<\/div>\n\n\n\n<hr class=\"wp-block-separator has-alpha-channel-opacity\"\/>\n","protected":false},"excerpt":{"rendered":"<p>La Banche t\u00e9lescopique pour cotes bloqu\u00e9es compatible B8000\/B10000 est r\u00e9glable de 1m \u00e0 1m50. La mise \u00e0 dimension de l\u2019extension se fait facilement \u00e0 la cl\u00e9 de banche \u00e0 l\u2019aide de la cr\u00e9maill\u00e8re int\u00e9gr\u00e9e. L\u2019extension est \u00e9quip\u00e9e d\u2019un contreplaqu\u00e9 de 18mm affleurant \u00e0 la face coffrante inox. Le contreplaqu\u00e9 se fixe par l\u2019arri\u00e8re de la [&hellip;]<\/p>\n","protected":false},"author":1,"featured_media":0,"parent":0,"menu_order":0,"comment_status":"closed","ping_status":"closed","template":"fullwidth.php","meta":{"footnotes":""},"class_list":["post-3000","page","type-page","status-publish","hentry"],"_links":{"self":[{"href":"https:\/\/outinord.fr\/index.php?rest_route=\/wp\/v2\/pages\/3000","targetHints":{"allow":["GET"]}}],"collection":[{"href":"https:\/\/outinord.fr\/index.php?rest_route=\/wp\/v2\/pages"}],"about":[{"href":"https:\/\/outinord.fr\/index.php?rest_route=\/wp\/v2\/types\/page"}],"author":[{"embeddable":true,"href":"https:\/\/outinord.fr\/index.php?rest_route=\/wp\/v2\/users\/1"}],"replies":[{"embeddable":true,"href":"https:\/\/outinord.fr\/index.php?rest_route=%2Fwp%2Fv2%2Fcomments&post=3000"}],"version-history":[{"count":33,"href":"https:\/\/outinord.fr\/index.php?rest_route=\/wp\/v2\/pages\/3000\/revisions"}],"predecessor-version":[{"id":3143,"href":"https:\/\/outinord.fr\/index.php?rest_route=\/wp\/v2\/pages\/3000\/revisions\/3143"}],"wp:attachment":[{"href":"https:\/\/outinord.fr\/index.php?rest_route=%2Fwp%2Fv2%2Fmedia&parent=3000"}],"curies":[{"name":"wp","href":"https:\/\/api.w.org\/{rel}","templated":true}]}}