{"id":271,"date":"2023-06-14T12:50:21","date_gmt":"2023-06-14T10:50:21","guid":{"rendered":"https:\/\/outinord.fr\/site2023\/?page_id=271"},"modified":"2023-10-05T13:16:31","modified_gmt":"2023-10-05T11:16:31","slug":"coffrages-de-dalle","status":"publish","type":"page","link":"https:\/\/outinord.fr\/?page_id=271","title":{"rendered":"Coffrages Plancher"},"content":{"rendered":"\n<p class=\"has-black-color has-text-color has-medium-font-size\"><strong>La conception originale de cette table en fait un outil \u00e9conomique id\u00e9al pour la r\u00e9alisation de planchers. Cette table est facilement mise en \u0153uvre. Tr\u00e8s extensible en hauteur, rapide \u00e0 monter, l\u00e9g\u00e8re et peu encombrante, pour le transport d&rsquo;un chantier \u00e0 l&rsquo;autre.<\/strong><\/p>\n\n\n\n<hr class=\"wp-block-separator has-alpha-channel-opacity\"\/>\n\n\n\n<div class=\"wp-block-media-text alignwide is-stacked-on-mobile\"><figure class=\"wp-block-media-text__media\"><img loading=\"lazy\" decoding=\"async\" width=\"1024\" height=\"855\" src=\"https:\/\/outinord.fr\/wp-content\/uploads\/2023\/10\/Table-3-1024x855.png\" alt=\"\" class=\"wp-image-2538 size-full\" srcset=\"https:\/\/outinord.fr\/wp-content\/uploads\/2023\/10\/Table-3-1024x855.png 1024w, https:\/\/outinord.fr\/wp-content\/uploads\/2023\/10\/Table-3-300x251.png 300w, https:\/\/outinord.fr\/wp-content\/uploads\/2023\/10\/Table-3-768x641.png 768w, https:\/\/outinord.fr\/wp-content\/uploads\/2023\/10\/Table-3.png 1165w\" sizes=\"auto, (max-width: 1024px) 100vw, 1024px\" \/><\/figure><div class=\"wp-block-media-text__content\">\n<h2 class=\"wp-block-heading has-luminous-vivid-orange-color has-text-color\">Caract\u00e9ristiques du Coffrage Plancher<\/h2>\n\n\n\n<ul class=\"wp-block-list\">\n<li class=\"has-medium-font-size\">Facilement mise en \u0153uvre.<\/li>\n\n\n\n<li class=\"has-medium-font-size\">Tr\u00e8s extensible en hauteur.<\/li>\n\n\n\n<li class=\"has-medium-font-size\">Rapide \u00e0 monter.<\/li>\n\n\n\n<li class=\"has-medium-font-size\">Grande pr\u00e9cision dimensionnelle des structures.<\/li>\n\n\n\n<li class=\"has-medium-font-size\">L\u00e9g\u00e8re.<\/li>\n\n\n\n<li class=\"has-medium-font-size\">Peu encombrante.<\/li>\n\n\n\n<li class=\"has-medium-font-size\">Un outil performant \u00e0 l\u2019amortissement rapide.<\/li>\n<\/ul>\n<\/div><\/div>\n\n\n\n<hr class=\"wp-block-separator has-alpha-channel-opacity\"\/>\n\n\n\n<figure class=\"wp-block-gallery has-nested-images columns-default is-cropped wp-block-gallery-1 is-layout-flex wp-block-gallery-is-layout-flex\">\n<figure class=\"wp-block-image size-large\"><a href=\"https:\/\/outinord.fr\/wp-content\/uploads\/2023\/10\/im1.png\" target=\"_blank\" rel=\"noreferrer noopener\"><img loading=\"lazy\" decoding=\"async\" width=\"1024\" height=\"672\" data-id=\"2539\" src=\"https:\/\/outinord.fr\/wp-content\/uploads\/2023\/10\/im1-1024x672.png\" alt=\"\" class=\"wp-image-2539\" srcset=\"https:\/\/outinord.fr\/wp-content\/uploads\/2023\/10\/im1-1024x672.png 1024w, https:\/\/outinord.fr\/wp-content\/uploads\/2023\/10\/im1-300x197.png 300w, https:\/\/outinord.fr\/wp-content\/uploads\/2023\/10\/im1-768x504.png 768w, https:\/\/outinord.fr\/wp-content\/uploads\/2023\/10\/im1-1536x1008.png 1536w, https:\/\/outinord.fr\/wp-content\/uploads\/2023\/10\/im1.png 1920w\" sizes=\"auto, (max-width: 1024px) 100vw, 1024px\" \/><\/a><\/figure>\n\n\n\n<figure class=\"wp-block-image size-full\"><a href=\"https:\/\/outinord.fr\/wp-content\/uploads\/2023\/10\/img2.jpg\" target=\"_blank\" rel=\"noreferrer noopener\"><img loading=\"lazy\" decoding=\"async\" width=\"622\" height=\"416\" data-id=\"2540\" src=\"https:\/\/outinord.fr\/wp-content\/uploads\/2023\/10\/img2.jpg\" alt=\"\" class=\"wp-image-2540\" srcset=\"https:\/\/outinord.fr\/wp-content\/uploads\/2023\/10\/img2.jpg 622w, https:\/\/outinord.fr\/wp-content\/uploads\/2023\/10\/img2-300x201.jpg 300w\" sizes=\"auto, (max-width: 622px) 100vw, 622px\" \/><\/a><\/figure>\n<\/figure>\n\n\n\n<hr class=\"wp-block-separator has-alpha-channel-opacity\"\/>\n\n\n\n<p class=\"has-text-align-center\"><strong><em>Pour plus d&rsquo;informations sur nos produits, contactez-nous :<\/em><\/strong><\/p>\n\n\n\n<div class=\"wp-block-columns alignfull has-text-color has-background is-layout-flex wp-container-core-columns-is-layout-9d6595d7 wp-block-columns-is-layout-flex\" style=\"color:#000000;background-color:#ffffff\">\n<div class=\"wp-block-column is-layout-flow wp-block-column-is-layout-flow\">\n<div class=\"wp-block-buttons is-content-justification-center is-layout-flex wp-container-core-buttons-is-layout-16018d1d wp-block-buttons-is-layout-flex\">\n<div class=\"wp-block-button has-custom-width wp-block-button__width-100 has-custom-font-size is-style-outline is-style-outline--2\" style=\"font-size:16px\"><a class=\"wp-block-button__link has-luminous-vivid-orange-color has-white-background-color has-text-color has-background has-text-align-center wp-element-button\" href=\"https:\/\/outinord.fr\/?page_id=299\" style=\"border-radius:100px\"><strong>OUTINORD<\/strong><\/a><\/div>\n<\/div>\n\n\n\n<p class=\"has-text-align-center\">392 Rue de Millonfosse<br>59230 SAINT-AMAND-LES-EAUX<br>Tel : +33 (0)3 27 23 83 83<br><a href=\"mailto:outinord@outinord.fr\">outinord@outinord.fr<\/a><\/p>\n<\/div>\n\n\n\n<div class=\"wp-block-column is-layout-flow wp-block-column-is-layout-flow\">\n<div class=\"wp-block-buttons is-content-justification-center is-layout-flex wp-container-core-buttons-is-layout-16018d1d wp-block-buttons-is-layout-flex\">\n<div class=\"wp-block-button has-custom-width wp-block-button__width-100 has-custom-font-size is-style-outline is-style-outline--3\" style=\"font-size:16px\"><a class=\"wp-block-button__link has-luminous-vivid-orange-color has-text-color wp-element-button\" href=\"https:\/\/outinord.fr\/?page_id=299\" style=\"border-radius:100px\"><strong>OUTINORD LOCATION<\/strong><\/a><\/div>\n<\/div>\n\n\n\n<p class=\"has-text-align-center\">392 Rue de Millonfosse<br>59230 SAINT-AMAND-LES-EAUX<br>Tel : +33 (0)3 27 48 58 74<br><a href=\"mailto:outinord-location@outinord.fr\">outinord-location@outinord.fr<\/a><\/p>\n<\/div>\n\n\n\n<div class=\"wp-block-column is-layout-flow wp-block-column-is-layout-flow\">\n<div class=\"wp-block-buttons is-layout-flex wp-block-buttons-is-layout-flex\">\n<div class=\"wp-block-button has-custom-width wp-block-button__width-100 has-custom-font-size is-style-outline is-style-outline--4\" style=\"font-size:16px\"><a class=\"wp-block-button__link has-luminous-vivid-orange-color has-text-color wp-element-button\" href=\"https:\/\/outinord.net\/\" style=\"border-radius:100px\" target=\"_blank\" rel=\"noreferrer noopener\"><strong>OUTINORD UNIVERSAL<\/strong><\/a><\/div>\n<\/div>\n\n\n\n<p class=\"has-text-align-center\">20200 W Dixie Hwy. Ste 809<br>Miami, FL 33180 &#8211; USA<br>Tel : +1 (305) 604 3494<br><a href=\"mailto:oui@outinord.net\">oui@outinord.net<\/a><\/p>\n<\/div>\n<\/div>\n\n\n\n<p class=\"has-text-align-center\"><img loading=\"lazy\" decoding=\"async\" width=\"233\" height=\"44\" class=\"wp-image-2438\" style=\"width: 233px;\" src=\"https:\/\/outinord.fr\/wp-content\/uploads\/2023\/10\/hotline.png\" alt=\"\"><\/p>\n\n\n\n<hr class=\"wp-block-separator has-alpha-channel-opacity\"\/>\n","protected":false},"excerpt":{"rendered":"<p>La conception originale de cette table en fait un outil \u00e9conomique id\u00e9al pour la r\u00e9alisation de planchers. Cette table est facilement mise en \u0153uvre. Tr\u00e8s extensible en hauteur, rapide \u00e0 monter, l\u00e9g\u00e8re et peu encombrante, pour le transport d&rsquo;un chantier \u00e0 l&rsquo;autre. Pour plus d&rsquo;informations sur nos produits, contactez-nous : 392 Rue de Millonfosse59230 SAINT-AMAND-LES-EAUXTel [&hellip;]<\/p>\n","protected":false},"author":1,"featured_media":0,"parent":0,"menu_order":0,"comment_status":"closed","ping_status":"closed","template":"fullwidth.php","meta":{"footnotes":""},"class_list":["post-271","page","type-page","status-publish","hentry"],"_links":{"self":[{"href":"https:\/\/outinord.fr\/index.php?rest_route=\/wp\/v2\/pages\/271","targetHints":{"allow":["GET"]}}],"collection":[{"href":"https:\/\/outinord.fr\/index.php?rest_route=\/wp\/v2\/pages"}],"about":[{"href":"https:\/\/outinord.fr\/index.php?rest_route=\/wp\/v2\/types\/page"}],"author":[{"embeddable":true,"href":"https:\/\/outinord.fr\/index.php?rest_route=\/wp\/v2\/users\/1"}],"replies":[{"embeddable":true,"href":"https:\/\/outinord.fr\/index.php?rest_route=%2Fwp%2Fv2%2Fcomments&post=271"}],"version-history":[{"count":19,"href":"https:\/\/outinord.fr\/index.php?rest_route=\/wp\/v2\/pages\/271\/revisions"}],"predecessor-version":[{"id":2542,"href":"https:\/\/outinord.fr\/index.php?rest_route=\/wp\/v2\/pages\/271\/revisions\/2542"}],"wp:attachment":[{"href":"https:\/\/outinord.fr\/index.php?rest_route=%2Fwp%2Fv2%2Fmedia&parent=271"}],"curies":[{"name":"wp","href":"https:\/\/api.w.org\/{rel}","templated":true}]}}