{"id":258,"date":"2023-06-14T12:44:31","date_gmt":"2023-06-14T10:44:31","guid":{"rendered":"https:\/\/outinord.fr\/site2023\/?page_id=258"},"modified":"2023-10-05T10:50:13","modified_gmt":"2023-10-05T08:50:13","slug":"protection","status":"publish","type":"page","link":"https:\/\/outinord.fr\/?page_id=258","title":{"rendered":"PTS+"},"content":{"rendered":"\n<p class=\"has-black-color has-text-color has-medium-font-size\"><strong>La PTS+ est la plate-forme de travail en encorbellement qui int\u00e8gre l\u2019ensemble des \u00e9l\u00e9ments n\u00e9cessaires \u00e0 la s\u00e9curit\u00e9 des op\u00e9rateurs. Son haut niveau d\u2018\u00e9quipement lui permet de s\u2019adapter aux configurations les plus complexes.<\/strong><\/p>\n\n\n\n<hr class=\"wp-block-separator has-alpha-channel-opacity\"\/>\n\n\n\n<div class=\"wp-block-media-text alignwide is-stacked-on-mobile is-vertically-aligned-top\"><figure class=\"wp-block-media-text__media\"><img loading=\"lazy\" decoding=\"async\" width=\"500\" height=\"558\" src=\"https:\/\/outinord.fr\/wp-content\/uploads\/2023\/10\/ptsplus.jpg\" alt=\"\" class=\"wp-image-2493 size-full\" srcset=\"https:\/\/outinord.fr\/wp-content\/uploads\/2023\/10\/ptsplus.jpg 500w, https:\/\/outinord.fr\/wp-content\/uploads\/2023\/10\/ptsplus-269x300.jpg 269w\" sizes=\"auto, (max-width: 500px) 100vw, 500px\" \/><\/figure><div class=\"wp-block-media-text__content\">\n<h2 class=\"wp-block-heading has-luminous-vivid-orange-color has-text-color\">Caract\u00e9ristiques de la PTS+:<\/h2>\n\n\n\n<ul class=\"wp-block-list\">\n<li class=\"has-medium-font-size\">MEPPI : support mis en place par l\u2019int\u00e9rieur (Brevet Outinord).<\/li>\n\n\n\n<li class=\"has-medium-font-size\">Support \u00e0 verrouillage automatique (Brevet Outinord).<\/li>\n\n\n\n<li class=\"has-medium-font-size\">Poutre renforc\u00e9e et passage de tige en t\u00eate.<\/li>\n\n\n\n<li class=\"has-medium-font-size\">Elingage depuis le sol.<\/li>\n\n\n\n<li class=\"has-medium-font-size\">Peinture poudre, anti U.V et r\u00e9sistante aux chocs. Process respectueux de l\u2019environnement.<\/li>\n\n\n\n<li class=\"has-medium-font-size\">Int\u00e9gration des protections p\u00e9riph\u00e9riques, auvents grillag\u00e9s extensibles, garde-corps d\u2019about<br>repliables et colisables sous le plancher.<\/li>\n<\/ul>\n\n\n\n<div class=\"wp-block-buttons is-layout-flex wp-block-buttons-is-layout-flex\">\n<div class=\"wp-block-button\"><a class=\"wp-block-button__link has-luminous-vivid-orange-background-color has-background wp-element-button\" href=\"https:\/\/outinord.fr\/pdf\/pts.pdf\" target=\"_blank\" rel=\"noreferrer noopener\"><strong>Documentation compl\u00e8te en PDF<\/strong><\/a><\/div>\n<\/div>\n<\/div><\/div>\n\n\n\n<hr class=\"wp-block-separator has-alpha-channel-opacity\"\/>\n\n\n\n<figure class=\"wp-block-gallery has-nested-images columns-default is-cropped wp-block-gallery-1 is-layout-flex wp-block-gallery-is-layout-flex\">\n<figure class=\"wp-block-image size-large\"><a href=\"https:\/\/outinord.fr\/wp-content\/uploads\/2023\/10\/ptsim1-scaled.jpg\" target=\"_blank\" rel=\"noreferrer noopener\"><img loading=\"lazy\" decoding=\"async\" width=\"1024\" height=\"683\" data-id=\"2494\" src=\"https:\/\/outinord.fr\/wp-content\/uploads\/2023\/10\/ptsim1-1024x683.jpg\" alt=\"\" class=\"wp-image-2494\" srcset=\"https:\/\/outinord.fr\/wp-content\/uploads\/2023\/10\/ptsim1-1024x683.jpg 1024w, https:\/\/outinord.fr\/wp-content\/uploads\/2023\/10\/ptsim1-300x200.jpg 300w, https:\/\/outinord.fr\/wp-content\/uploads\/2023\/10\/ptsim1-768x512.jpg 768w, https:\/\/outinord.fr\/wp-content\/uploads\/2023\/10\/ptsim1-1536x1024.jpg 1536w, https:\/\/outinord.fr\/wp-content\/uploads\/2023\/10\/ptsim1-2048x1365.jpg 2048w\" sizes=\"auto, (max-width: 1024px) 100vw, 1024px\" \/><\/a><\/figure>\n\n\n\n<figure class=\"wp-block-image size-large\"><a href=\"https:\/\/outinord.fr\/wp-content\/uploads\/2023\/10\/ptsim2-scaled.jpg\" target=\"_blank\" rel=\"noreferrer noopener\"><img loading=\"lazy\" decoding=\"async\" width=\"1024\" height=\"683\" data-id=\"2495\" src=\"https:\/\/outinord.fr\/wp-content\/uploads\/2023\/10\/ptsim2-1024x683.jpg\" alt=\"\" class=\"wp-image-2495\" srcset=\"https:\/\/outinord.fr\/wp-content\/uploads\/2023\/10\/ptsim2-1024x683.jpg 1024w, https:\/\/outinord.fr\/wp-content\/uploads\/2023\/10\/ptsim2-300x200.jpg 300w, https:\/\/outinord.fr\/wp-content\/uploads\/2023\/10\/ptsim2-768x512.jpg 768w, https:\/\/outinord.fr\/wp-content\/uploads\/2023\/10\/ptsim2-1536x1024.jpg 1536w, https:\/\/outinord.fr\/wp-content\/uploads\/2023\/10\/ptsim2-2048x1365.jpg 2048w\" sizes=\"auto, (max-width: 1024px) 100vw, 1024px\" \/><\/a><\/figure>\n<\/figure>\n\n\n\n<hr class=\"wp-block-separator has-alpha-channel-opacity\"\/>\n\n\n\n<p class=\"has-text-align-center\"><strong><em>Pour plus d&rsquo;informations sur nos produits, contactez-nous :<\/em><\/strong><\/p>\n\n\n\n<div class=\"wp-block-columns alignfull has-text-color has-background is-layout-flex wp-container-core-columns-is-layout-9d6595d7 wp-block-columns-is-layout-flex\" style=\"color:#000000;background-color:#ffffff\">\n<div class=\"wp-block-column is-layout-flow wp-block-column-is-layout-flow\">\n<div class=\"wp-block-buttons is-content-justification-center is-layout-flex wp-container-core-buttons-is-layout-16018d1d wp-block-buttons-is-layout-flex\">\n<div class=\"wp-block-button has-custom-width wp-block-button__width-100 has-custom-font-size is-style-outline is-style-outline--2\" style=\"font-size:16px\"><a class=\"wp-block-button__link has-luminous-vivid-orange-color has-white-background-color has-text-color has-background has-text-align-center wp-element-button\" href=\"https:\/\/outinord.fr\/?page_id=299\" style=\"border-radius:100px\"><strong>OUTINORD<\/strong><\/a><\/div>\n<\/div>\n\n\n\n<p class=\"has-text-align-center\">392 Rue de Millonfosse<br>59230 SAINT-AMAND-LES-EAUX<br>Tel : +33 (0)3 27 23 83 83<br><a href=\"mailto:outinord@outinord.fr\">outinord@outinord.fr<\/a><\/p>\n<\/div>\n\n\n\n<div class=\"wp-block-column is-layout-flow wp-block-column-is-layout-flow\">\n<div class=\"wp-block-buttons is-content-justification-center is-layout-flex wp-container-core-buttons-is-layout-16018d1d wp-block-buttons-is-layout-flex\">\n<div class=\"wp-block-button has-custom-width wp-block-button__width-100 has-custom-font-size is-style-outline is-style-outline--3\" style=\"font-size:16px\"><a class=\"wp-block-button__link has-luminous-vivid-orange-color has-text-color wp-element-button\" href=\"https:\/\/outinord.fr\/?page_id=299\" style=\"border-radius:100px\"><strong>OUTINORD LOCATION<\/strong><\/a><\/div>\n<\/div>\n\n\n\n<p class=\"has-text-align-center\">392 Rue de Millonfosse<br>59230 SAINT-AMAND-LES-EAUX<br>Tel : +33 (0)3 27 48 58 74<br><a href=\"mailto:outinord-location@outinord.fr\">outinord-location@outinord.fr<\/a><\/p>\n<\/div>\n\n\n\n<div class=\"wp-block-column is-layout-flow wp-block-column-is-layout-flow\">\n<div class=\"wp-block-buttons is-layout-flex wp-block-buttons-is-layout-flex\">\n<div class=\"wp-block-button has-custom-width wp-block-button__width-100 has-custom-font-size is-style-outline is-style-outline--4\" style=\"font-size:16px\"><a class=\"wp-block-button__link has-luminous-vivid-orange-color has-text-color wp-element-button\" href=\"https:\/\/outinord.net\/\" style=\"border-radius:100px\" target=\"_blank\" rel=\"noreferrer noopener\"><strong>OUTINORD UNIVERSAL<\/strong><\/a><\/div>\n<\/div>\n\n\n\n<p class=\"has-text-align-center\">20200 W Dixie Hwy. Ste 809<br>Miami, FL 33180 &#8211; USA<br>Tel : +1 (305) 604 3494<br><a href=\"mailto:oui@outinord.net\">oui@outinord.net<\/a><\/p>\n<\/div>\n<\/div>\n\n\n\n<p class=\"has-text-align-center\"><img loading=\"lazy\" decoding=\"async\" width=\"233\" height=\"44\" class=\"wp-image-2438\" style=\"width: 233px;\" src=\"https:\/\/outinord.fr\/wp-content\/uploads\/2023\/10\/hotline.png\" alt=\"\"><\/p>\n\n\n\n<hr class=\"wp-block-separator has-alpha-channel-opacity\"\/>\n","protected":false},"excerpt":{"rendered":"<p>La PTS+ est la plate-forme de travail en encorbellement qui int\u00e8gre l\u2019ensemble des \u00e9l\u00e9ments n\u00e9cessaires \u00e0 la s\u00e9curit\u00e9 des op\u00e9rateurs. Son haut niveau d\u2018\u00e9quipement lui permet de s\u2019adapter aux configurations les plus complexes. Pour plus d&rsquo;informations sur nos produits, contactez-nous : 392 Rue de Millonfosse59230 SAINT-AMAND-LES-EAUXTel : +33 (0)3 27 23 83 83outinord@outinord.fr 392 Rue [&hellip;]<\/p>\n","protected":false},"author":1,"featured_media":0,"parent":0,"menu_order":0,"comment_status":"closed","ping_status":"closed","template":"fullwidth.php","meta":{"footnotes":""},"class_list":["post-258","page","type-page","status-publish","hentry"],"_links":{"self":[{"href":"https:\/\/outinord.fr\/index.php?rest_route=\/wp\/v2\/pages\/258","targetHints":{"allow":["GET"]}}],"collection":[{"href":"https:\/\/outinord.fr\/index.php?rest_route=\/wp\/v2\/pages"}],"about":[{"href":"https:\/\/outinord.fr\/index.php?rest_route=\/wp\/v2\/types\/page"}],"author":[{"embeddable":true,"href":"https:\/\/outinord.fr\/index.php?rest_route=\/wp\/v2\/users\/1"}],"replies":[{"embeddable":true,"href":"https:\/\/outinord.fr\/index.php?rest_route=%2Fwp%2Fv2%2Fcomments&post=258"}],"version-history":[{"count":30,"href":"https:\/\/outinord.fr\/index.php?rest_route=\/wp\/v2\/pages\/258\/revisions"}],"predecessor-version":[{"id":2496,"href":"https:\/\/outinord.fr\/index.php?rest_route=\/wp\/v2\/pages\/258\/revisions\/2496"}],"wp:attachment":[{"href":"https:\/\/outinord.fr\/index.php?rest_route=%2Fwp%2Fv2%2Fmedia&parent=258"}],"curies":[{"name":"wp","href":"https:\/\/api.w.org\/{rel}","templated":true}]}}