{"id":252,"date":"2023-06-14T12:43:46","date_gmt":"2023-06-14T10:43:46","guid":{"rendered":"https:\/\/outinord.fr\/site2023\/?page_id=252"},"modified":"2023-10-05T11:32:22","modified_gmt":"2023-10-05T09:32:22","slug":"tmph","status":"publish","type":"page","link":"https:\/\/outinord.fr\/?page_id=252","title":{"rendered":"TMPH"},"content":{"rendered":"\n<p class=\"has-black-color has-text-color has-medium-font-size\"><strong>Comme tous les coffrages Tunnel, le TMPH est compos\u00e9 de demi-coquilles (un panneau vertical et un panneau horizontal) qui s\u2019assemblent pour constituer un tunnel. Des contrefiches articul\u00e9es relient panneaux horizontaux et verticaux. Elles permettent le r\u00e9glage de la plan\u00e9it\u00e9 de la dalle et facilitent les op\u00e9rations de d\u00e9coffrage.<\/strong><\/p>\n\n\n\n<hr class=\"wp-block-separator has-alpha-channel-opacity\"\/>\n\n\n\n<div class=\"wp-block-media-text alignwide is-stacked-on-mobile\"><figure class=\"wp-block-media-text__media\"><img loading=\"lazy\" decoding=\"async\" width=\"1024\" height=\"752\" src=\"https:\/\/outinord.fr\/wp-content\/uploads\/2023\/10\/tmph-1-1024x752.png\" alt=\"\" class=\"wp-image-2512 size-full\" srcset=\"https:\/\/outinord.fr\/wp-content\/uploads\/2023\/10\/tmph-1-1024x752.png 1024w, https:\/\/outinord.fr\/wp-content\/uploads\/2023\/10\/tmph-1-300x220.png 300w, https:\/\/outinord.fr\/wp-content\/uploads\/2023\/10\/tmph-1-768x564.png 768w, https:\/\/outinord.fr\/wp-content\/uploads\/2023\/10\/tmph-1.png 1075w\" sizes=\"auto, (max-width: 1024px) 100vw, 1024px\" \/><\/figure><div class=\"wp-block-media-text__content\">\n<h2 class=\"wp-block-heading has-luminous-vivid-orange-color has-text-color\">Caract\u00e9ristiques du Coffrage Tunnel Modulaire: <\/h2>\n\n\n\n<ul class=\"wp-block-list\">\n<li class=\"has-medium-font-size\">Nombreux et divers r\u00e9emplois.<\/li>\n\n\n\n<li class=\"has-medium-font-size\">Multiples d\u00e9calages horizontaux.<\/li>\n\n\n\n<li class=\"has-medium-font-size\">Possibilit\u00e9 de r\u00e9alisation simultan\u00e9e des voiles de contreventement.<\/li>\n\n\n\n<li class=\"has-medium-font-size\">Qualit\u00e9 optimale des b\u00e9tons brut de d\u00e9coffrage.<\/li>\n<\/ul>\n\n\n\n<div class=\"wp-block-buttons is-layout-flex wp-block-buttons-is-layout-flex\">\n<div class=\"wp-block-button\"><a class=\"wp-block-button__link has-luminous-vivid-orange-background-color has-background wp-element-button\" href=\"https:\/\/outinord.fr\/pdf\/tmph.pdf\" target=\"_blank\" rel=\"noreferrer noopener\"><strong>Documentation compl\u00e8te en PDF<\/strong><\/a><\/div>\n<\/div>\n<\/div><\/div>\n\n\n\n<hr class=\"wp-block-separator has-alpha-channel-opacity\"\/>\n\n\n\n<figure class=\"wp-block-gallery has-nested-images columns-default is-cropped wp-block-gallery-1 is-layout-flex wp-block-gallery-is-layout-flex\">\n<figure class=\"wp-block-image size-large\"><a href=\"https:\/\/outinord.fr\/wp-content\/uploads\/2023\/10\/tmph_vign1.png\" target=\"_blank\" rel=\"noreferrer noopener\"><img loading=\"lazy\" decoding=\"async\" width=\"1024\" height=\"576\" data-id=\"2513\" src=\"https:\/\/outinord.fr\/wp-content\/uploads\/2023\/10\/tmph_vign1-1024x576.png\" alt=\"\" class=\"wp-image-2513\" srcset=\"https:\/\/outinord.fr\/wp-content\/uploads\/2023\/10\/tmph_vign1-1024x576.png 1024w, https:\/\/outinord.fr\/wp-content\/uploads\/2023\/10\/tmph_vign1-300x169.png 300w, https:\/\/outinord.fr\/wp-content\/uploads\/2023\/10\/tmph_vign1-768x432.png 768w, https:\/\/outinord.fr\/wp-content\/uploads\/2023\/10\/tmph_vign1-1536x864.png 1536w, https:\/\/outinord.fr\/wp-content\/uploads\/2023\/10\/tmph_vign1.png 1920w\" sizes=\"auto, (max-width: 1024px) 100vw, 1024px\" \/><\/a><\/figure>\n\n\n\n<figure class=\"wp-block-image size-large\"><a href=\"https:\/\/outinord.fr\/wp-content\/uploads\/2023\/10\/tmph_vign2.png\" target=\"_blank\" rel=\"noreferrer noopener\"><img loading=\"lazy\" decoding=\"async\" width=\"1024\" height=\"576\" data-id=\"2514\" src=\"https:\/\/outinord.fr\/wp-content\/uploads\/2023\/10\/tmph_vign2-1024x576.png\" alt=\"\" class=\"wp-image-2514\" srcset=\"https:\/\/outinord.fr\/wp-content\/uploads\/2023\/10\/tmph_vign2-1024x576.png 1024w, https:\/\/outinord.fr\/wp-content\/uploads\/2023\/10\/tmph_vign2-300x169.png 300w, https:\/\/outinord.fr\/wp-content\/uploads\/2023\/10\/tmph_vign2-768x432.png 768w, https:\/\/outinord.fr\/wp-content\/uploads\/2023\/10\/tmph_vign2-1536x864.png 1536w, https:\/\/outinord.fr\/wp-content\/uploads\/2023\/10\/tmph_vign2.png 1920w\" sizes=\"auto, (max-width: 1024px) 100vw, 1024px\" \/><\/a><\/figure>\n<\/figure>\n\n\n\n<hr class=\"wp-block-separator has-alpha-channel-opacity\"\/>\n\n\n\n<p class=\"has-text-align-center\"><strong><em>Pour plus d&rsquo;informations sur nos produits, contactez-nous :<\/em><\/strong><\/p>\n\n\n\n<div class=\"wp-block-columns alignfull has-text-color has-background is-layout-flex wp-container-core-columns-is-layout-9d6595d7 wp-block-columns-is-layout-flex\" style=\"color:#000000;background-color:#ffffff\">\n<div class=\"wp-block-column is-layout-flow wp-block-column-is-layout-flow\">\n<div class=\"wp-block-buttons is-content-justification-center is-layout-flex wp-container-core-buttons-is-layout-16018d1d wp-block-buttons-is-layout-flex\">\n<div class=\"wp-block-button has-custom-width wp-block-button__width-100 has-custom-font-size is-style-outline is-style-outline--2\" style=\"font-size:16px\"><a class=\"wp-block-button__link has-luminous-vivid-orange-color has-white-background-color has-text-color has-background has-text-align-center wp-element-button\" href=\"https:\/\/outinord.fr\/?page_id=299\" style=\"border-radius:100px\"><strong>OUTINORD<\/strong><\/a><\/div>\n<\/div>\n\n\n\n<p class=\"has-text-align-center\">392 Rue de Millonfosse<br>59230 SAINT-AMAND-LES-EAUX<br>Tel : +33 (0)3 27 23 83 83<br><a href=\"mailto:outinord@outinord.fr\">outinord@outinord.fr<\/a><\/p>\n<\/div>\n\n\n\n<div class=\"wp-block-column is-layout-flow wp-block-column-is-layout-flow\">\n<div class=\"wp-block-buttons is-content-justification-center is-layout-flex wp-container-core-buttons-is-layout-16018d1d wp-block-buttons-is-layout-flex\">\n<div class=\"wp-block-button has-custom-width wp-block-button__width-100 has-custom-font-size is-style-outline is-style-outline--3\" style=\"font-size:16px\"><a class=\"wp-block-button__link has-luminous-vivid-orange-color has-text-color wp-element-button\" href=\"https:\/\/outinord.fr\/?page_id=299\" style=\"border-radius:100px\"><strong>OUTINORD LOCATION<\/strong><\/a><\/div>\n<\/div>\n\n\n\n<p class=\"has-text-align-center\">392 Rue de Millonfosse<br>59230 SAINT-AMAND-LES-EAUX<br>Tel : +33 (0)3 27 48 58 74<br><a href=\"mailto:outinord-location@outinord.fr\">outinord-location@outinord.fr<\/a><\/p>\n<\/div>\n\n\n\n<div class=\"wp-block-column is-layout-flow wp-block-column-is-layout-flow\">\n<div class=\"wp-block-buttons is-layout-flex wp-block-buttons-is-layout-flex\">\n<div class=\"wp-block-button has-custom-width wp-block-button__width-100 has-custom-font-size is-style-outline is-style-outline--4\" style=\"font-size:16px\"><a class=\"wp-block-button__link has-luminous-vivid-orange-color has-text-color wp-element-button\" href=\"https:\/\/outinord.net\/\" style=\"border-radius:100px\" target=\"_blank\" rel=\"noreferrer noopener\"><strong>OUTINORD UNIVERSAL<\/strong><\/a><\/div>\n<\/div>\n\n\n\n<p class=\"has-text-align-center\">20200 W Dixie Hwy. Ste 809<br>Miami, FL 33180 &#8211; USA<br>Tel : +1 (305) 604 3494<br><a href=\"mailto:oui@outinord.net\">oui@outinord.net<\/a><\/p>\n<\/div>\n<\/div>\n\n\n\n<p class=\"has-text-align-center\"><img loading=\"lazy\" decoding=\"async\" width=\"233\" height=\"44\" class=\"wp-image-2438\" style=\"width: 233px;\" src=\"https:\/\/outinord.fr\/wp-content\/uploads\/2023\/10\/hotline.png\" alt=\"\"><\/p>\n\n\n\n<hr class=\"wp-block-separator has-alpha-channel-opacity\"\/>\n","protected":false},"excerpt":{"rendered":"<p>Comme tous les coffrages Tunnel, le TMPH est compos\u00e9 de demi-coquilles (un panneau vertical et un panneau horizontal) qui s\u2019assemblent pour constituer un tunnel. Des contrefiches articul\u00e9es relient panneaux horizontaux et verticaux. Elles permettent le r\u00e9glage de la plan\u00e9it\u00e9 de la dalle et facilitent les op\u00e9rations de d\u00e9coffrage. Pour plus d&rsquo;informations sur nos produits, contactez-nous [&hellip;]<\/p>\n","protected":false},"author":1,"featured_media":0,"parent":0,"menu_order":0,"comment_status":"closed","ping_status":"closed","template":"fullwidth.php","meta":{"footnotes":""},"class_list":["post-252","page","type-page","status-publish","hentry"],"_links":{"self":[{"href":"https:\/\/outinord.fr\/index.php?rest_route=\/wp\/v2\/pages\/252","targetHints":{"allow":["GET"]}}],"collection":[{"href":"https:\/\/outinord.fr\/index.php?rest_route=\/wp\/v2\/pages"}],"about":[{"href":"https:\/\/outinord.fr\/index.php?rest_route=\/wp\/v2\/types\/page"}],"author":[{"embeddable":true,"href":"https:\/\/outinord.fr\/index.php?rest_route=\/wp\/v2\/users\/1"}],"replies":[{"embeddable":true,"href":"https:\/\/outinord.fr\/index.php?rest_route=%2Fwp%2Fv2%2Fcomments&post=252"}],"version-history":[{"count":19,"href":"https:\/\/outinord.fr\/index.php?rest_route=\/wp\/v2\/pages\/252\/revisions"}],"predecessor-version":[{"id":2515,"href":"https:\/\/outinord.fr\/index.php?rest_route=\/wp\/v2\/pages\/252\/revisions\/2515"}],"wp:attachment":[{"href":"https:\/\/outinord.fr\/index.php?rest_route=%2Fwp%2Fv2%2Fmedia&parent=252"}],"curies":[{"name":"wp","href":"https:\/\/api.w.org\/{rel}","templated":true}]}}