{"id":1756,"date":"2023-09-27T09:29:52","date_gmt":"2023-09-27T07:29:52","guid":{"rendered":"https:\/\/outinord.fr\/site2023\/?page_id=1756"},"modified":"2023-10-05T13:11:33","modified_gmt":"2023-10-05T11:11:33","slug":"bi-poutre","status":"publish","type":"page","link":"https:\/\/outinord.fr\/?page_id=1756","title":{"rendered":"Bi-poutre"},"content":{"rendered":"\n<p class=\"has-black-color has-text-color has-medium-font-size\"><strong>Le moule bi-poutre avec fond est un standard. Il est constitu\u00e9 d\u2019\u00e9l\u00e9ments de 4m assembl\u00e9s par boulonnage. L\u2019ensemble peut atteindre 12m de long.  Une gamme d\u2019options permet d\u2019adapter le moule aux cas sp\u00e9cifiques.<\/strong><br><strong>Sa conception pr\u00e9voit un acc\u00e8s s\u00e9curis\u00e9 et une plateforme de b\u00e9tonnage en caillebotis. <\/strong><\/p>\n\n\n\n<hr class=\"wp-block-separator has-alpha-channel-opacity\"\/>\n\n\n\n<div class=\"wp-block-media-text alignwide is-stacked-on-mobile is-vertically-aligned-center\" style=\"grid-template-columns:41% auto\"><figure class=\"wp-block-media-text__media\"><img loading=\"lazy\" decoding=\"async\" width=\"814\" height=\"548\" src=\"https:\/\/outinord.fr\/wp-content\/uploads\/2023\/10\/Moule-bi-poutreP.png\" alt=\"\" class=\"wp-image-2530 size-full\" srcset=\"https:\/\/outinord.fr\/wp-content\/uploads\/2023\/10\/Moule-bi-poutreP.png 814w, https:\/\/outinord.fr\/wp-content\/uploads\/2023\/10\/Moule-bi-poutreP-300x202.png 300w, https:\/\/outinord.fr\/wp-content\/uploads\/2023\/10\/Moule-bi-poutreP-768x517.png 768w\" sizes=\"auto, (max-width: 814px) 100vw, 814px\" \/><\/figure><div class=\"wp-block-media-text__content\">\n<h2 class=\"wp-block-heading has-luminous-vivid-orange-color has-text-color\">Caract\u00e9ristique du Moule Bi-Poutre :<\/h2>\n\n\n\n<ul class=\"wp-block-list\">\n<li class=\"has-medium-font-size\">D\u00e9ploiement simple et rapide.<\/li>\n\n\n\n<li class=\"has-medium-font-size\">Panneaux mobiles sur rouleurs (pas d\u2019utilisation de la grue).<\/li>\n\n\n\n<li class=\"has-medium-font-size\">B\u00e9tonnage \u00e0 hauteur d\u2019homme.<\/li>\n\n\n\n<li class=\"has-medium-font-size\">Caillebotis et gardes corps int\u00e9gr\u00e9s.<\/li>\n\n\n\n<li class=\"has-medium-font-size\">Acc\u00e8s lat\u00e9ral.<\/li>\n\n\n\n<li class=\"has-medium-font-size\">R\u00e9alisation de 2  poutres.<\/li>\n<\/ul>\n\n\n\n<div class=\"wp-block-buttons is-layout-flex wp-block-buttons-is-layout-flex\">\n<div class=\"wp-block-button\"><a class=\"wp-block-button__link has-luminous-vivid-orange-background-color has-background wp-element-button\" href=\"https:\/\/outinord.fr\/pdf\/moule.pdf\" target=\"_blank\" rel=\"noreferrer noopener\"><strong>Documentation compl\u00e8te en PDF<\/strong><\/a><\/div>\n<\/div>\n<\/div><\/div>\n\n\n\n<hr class=\"wp-block-separator has-alpha-channel-opacity\"\/>\n\n\n\n<p class=\"has-text-align-center has-black-color has-text-color\"><strong><em>Pour plus d&rsquo;informations sur nos produits, contactez-nous :<\/em><\/strong><\/p>\n\n\n\n<div class=\"wp-block-columns alignfull has-text-color has-background is-layout-flex wp-container-core-columns-is-layout-9d6595d7 wp-block-columns-is-layout-flex\" style=\"color:#000000;background-color:#ffffff\">\n<div class=\"wp-block-column is-layout-flow wp-block-column-is-layout-flow\">\n<div class=\"wp-block-buttons is-content-justification-center is-layout-flex wp-container-core-buttons-is-layout-16018d1d wp-block-buttons-is-layout-flex\">\n<div class=\"wp-block-button has-custom-width wp-block-button__width-100 has-custom-font-size is-style-outline is-style-outline--1\" style=\"font-size:16px\"><a class=\"wp-block-button__link has-luminous-vivid-orange-color has-white-background-color has-text-color has-background has-text-align-center wp-element-button\" href=\"https:\/\/outinord.fr\/?page_id=299\" style=\"border-radius:100px\"><strong>OUTINORD<\/strong><\/a><\/div>\n<\/div>\n\n\n\n<p class=\"has-text-align-center\">392 Rue de Millonfosse<br>59230 SAINT-AMAND-LES-EAUX<br>Tel : +33 (0)3 27 23 83 83<br><a href=\"mailto:outinord@outinord.fr\">outinord@outinord.fr<\/a><\/p>\n<\/div>\n\n\n\n<div class=\"wp-block-column is-layout-flow wp-block-column-is-layout-flow\">\n<div class=\"wp-block-buttons is-content-justification-center is-layout-flex wp-container-core-buttons-is-layout-16018d1d wp-block-buttons-is-layout-flex\">\n<div class=\"wp-block-button has-custom-width wp-block-button__width-100 has-custom-font-size is-style-outline is-style-outline--2\" style=\"font-size:16px\"><a class=\"wp-block-button__link has-luminous-vivid-orange-color has-text-color wp-element-button\" href=\"https:\/\/outinord.fr\/?page_id=299\" style=\"border-radius:100px\"><strong>OUTINORD LOCATION<\/strong><\/a><\/div>\n<\/div>\n\n\n\n<p class=\"has-text-align-center\">392 Rue de Millonfosse<br>59230 SAINT-AMAND-LES-EAUX<br>Tel : +33 (0)3 27 48 58 74<br><a href=\"mailto:outinord-location@outinord.fr\">outinord-location@outinord.fr<\/a><\/p>\n<\/div>\n\n\n\n<div class=\"wp-block-column is-layout-flow wp-block-column-is-layout-flow\">\n<div class=\"wp-block-buttons is-layout-flex wp-block-buttons-is-layout-flex\">\n<div class=\"wp-block-button has-custom-width wp-block-button__width-100 has-custom-font-size is-style-outline is-style-outline--3\" style=\"font-size:16px\"><a class=\"wp-block-button__link has-luminous-vivid-orange-color has-text-color wp-element-button\" href=\"https:\/\/outinord.net\/\" style=\"border-radius:100px\" target=\"_blank\" rel=\"noreferrer noopener\"><strong>OUTINORD UNIVERSAL<\/strong><\/a><\/div>\n<\/div>\n\n\n\n<p class=\"has-text-align-center\">20200 W Dixie Hwy. Ste 809<br>Miami, FL 33180 &#8211; USA<br>Tel : +1 (305) 604 3494<br><a href=\"mailto:oui@outinord.net\">oui@outinord.net<\/a><\/p>\n<\/div>\n<\/div>\n\n\n\n<p class=\"has-text-align-center\"><img loading=\"lazy\" decoding=\"async\" width=\"233\" height=\"44\" class=\"wp-image-2438\" style=\"width: 233px;\" src=\"https:\/\/outinord.fr\/wp-content\/uploads\/2023\/10\/hotline.png\" alt=\"\"><\/p>\n\n\n\n<hr class=\"wp-block-separator has-alpha-channel-opacity\"\/>\n\n\n\n<p><\/p>\n\n\n\n<p><\/p>\n","protected":false},"excerpt":{"rendered":"<p>Le moule bi-poutre avec fond est un standard. Il est constitu\u00e9 d\u2019\u00e9l\u00e9ments de 4m assembl\u00e9s par boulonnage. L\u2019ensemble peut atteindre 12m de long. Une gamme d\u2019options permet d\u2019adapter le moule aux cas sp\u00e9cifiques.Sa conception pr\u00e9voit un acc\u00e8s s\u00e9curis\u00e9 et une plateforme de b\u00e9tonnage en caillebotis. Pour plus d&rsquo;informations sur nos produits, contactez-nous : 392 Rue [&hellip;]<\/p>\n","protected":false},"author":1,"featured_media":0,"parent":0,"menu_order":0,"comment_status":"closed","ping_status":"closed","template":"fullwidth.php","meta":{"footnotes":""},"class_list":["post-1756","page","type-page","status-publish","hentry"],"_links":{"self":[{"href":"https:\/\/outinord.fr\/index.php?rest_route=\/wp\/v2\/pages\/1756","targetHints":{"allow":["GET"]}}],"collection":[{"href":"https:\/\/outinord.fr\/index.php?rest_route=\/wp\/v2\/pages"}],"about":[{"href":"https:\/\/outinord.fr\/index.php?rest_route=\/wp\/v2\/types\/page"}],"author":[{"embeddable":true,"href":"https:\/\/outinord.fr\/index.php?rest_route=\/wp\/v2\/users\/1"}],"replies":[{"embeddable":true,"href":"https:\/\/outinord.fr\/index.php?rest_route=%2Fwp%2Fv2%2Fcomments&post=1756"}],"version-history":[{"count":14,"href":"https:\/\/outinord.fr\/index.php?rest_route=\/wp\/v2\/pages\/1756\/revisions"}],"predecessor-version":[{"id":2532,"href":"https:\/\/outinord.fr\/index.php?rest_route=\/wp\/v2\/pages\/1756\/revisions\/2532"}],"wp:attachment":[{"href":"https:\/\/outinord.fr\/index.php?rest_route=%2Fwp%2Fv2%2Fmedia&parent=1756"}],"curies":[{"name":"wp","href":"https:\/\/api.w.org\/{rel}","templated":true}]}}