{"id":138,"date":"2023-06-13T14:10:08","date_gmt":"2023-06-13T12:10:08","guid":{"rendered":"https:\/\/outinord.fr\/site2023\/?page_id=138"},"modified":"2023-10-05T10:33:57","modified_gmt":"2023-10-05T08:33:57","slug":"poteaux","status":"publish","type":"page","link":"https:\/\/outinord.fr\/?page_id=138","title":{"rendered":"POTEAUX"},"content":{"rendered":"\n<p class=\"has-black-color has-text-color has-medium-font-size\"><strong>Le support poteau carton apporte simplicit\u00e9 efficacit\u00e9, ergonomie dans son utilisation. Economique et robuste, sa conception lui permet d\u2019\u00eatre compatible avec les banches OUTINORD.<\/strong><\/p>\n\n\n\n<hr class=\"wp-block-separator has-alpha-channel-opacity\"\/>\n\n\n\n<div class=\"wp-block-media-text alignwide is-stacked-on-mobile is-vertically-aligned-top\" style=\"grid-template-columns:31% auto\"><figure class=\"wp-block-media-text__media\"><img loading=\"lazy\" decoding=\"async\" width=\"400\" height=\"904\" src=\"https:\/\/outinord.fr\/wp-content\/uploads\/2023\/10\/poteau.png\" alt=\"\" class=\"wp-image-2461 size-full\" srcset=\"https:\/\/outinord.fr\/wp-content\/uploads\/2023\/10\/poteau.png 400w, https:\/\/outinord.fr\/wp-content\/uploads\/2023\/10\/poteau-133x300.png 133w\" sizes=\"auto, (max-width: 400px) 100vw, 400px\" \/><\/figure><div class=\"wp-block-media-text__content\">\n<h2 class=\"wp-block-heading has-luminous-vivid-orange-color has-text-color\">SUPPORT POTEAU CARTON<\/h2>\n\n\n\n<ul class=\"wp-block-list\">\n<li class=\"has-medium-font-size\">Pr\u00eat \u00e0 l\u2019emploi.<\/li>\n\n\n\n<li class=\"has-medium-font-size\">Accessoires int\u00e9gr\u00e9s et colisables.<\/li>\n\n\n\n<li class=\"has-medium-font-size\">Grand nombre de r\u00e9emplois.<\/li>\n\n\n\n<li class=\"has-medium-font-size\">Etudes et coffrages simplifi\u00e9s.<\/li>\n\n\n\n<li class=\"has-medium-font-size\">Adaptable sur toutes la gamme.<\/li>\n\n\n\n<li class=\"has-medium-font-size\">Ajustable pour toutes tailles jusqu\u2019au diam\u00e8tre 900.<\/li>\n\n\n\n<li class=\"has-medium-font-size\">L\u00e9g\u00e8ret\u00e9.<\/li>\n\n\n\n<li class=\"has-medium-font-size\">Utilisation du poste de travail de la banche.<\/li>\n\n\n\n<li class=\"has-medium-font-size\">Possibilit\u00e9 de rendre l\u2019outil auto-stable.<\/li>\n\n\n\n<li class=\"has-medium-font-size\">Simplicit\u00e9 d\u2019utilisation.<\/li>\n\n\n\n<li class=\"has-medium-font-size\">Encombrement limit\u00e9 au diam\u00e8tre du poteau.<\/li>\n\n\n\n<li class=\"has-medium-font-size\">1 bras pour deux diam\u00e8tres de poteau.<\/li>\n\n\n\n<li class=\"has-medium-font-size\">Ajustable sur tout le corps.<\/li>\n<\/ul>\n\n\n\n<div class=\"wp-block-buttons is-layout-flex wp-block-buttons-is-layout-flex\">\n<div class=\"wp-block-button\"><a class=\"wp-block-button__link has-luminous-vivid-orange-background-color has-background wp-element-button\" href=\"https:\/\/outinord.fr\/site2023\/pdf\/poteau_carton.pdf\" target=\"_blank\" rel=\"noreferrer noopener\"><strong>Documentation compl\u00e8te en PDF<\/strong><\/a><\/div>\n<\/div>\n<\/div><\/div>\n\n\n\n<hr class=\"wp-block-separator has-alpha-channel-opacity\"\/>\n\n\n\n<figure class=\"wp-block-gallery has-nested-images columns-default is-cropped wp-block-gallery-1 is-layout-flex wp-block-gallery-is-layout-flex\">\n<figure class=\"wp-block-image size-large\"><a href=\"https:\/\/outinord.fr\/wp-content\/uploads\/2023\/10\/vignettepoteau1.png\" target=\"_blank\" rel=\"noreferrer noopener\"><img loading=\"lazy\" decoding=\"async\" width=\"1024\" height=\"620\" data-id=\"2462\" src=\"https:\/\/outinord.fr\/wp-content\/uploads\/2023\/10\/vignettepoteau1-1024x620.png\" alt=\"\" class=\"wp-image-2462\" srcset=\"https:\/\/outinord.fr\/wp-content\/uploads\/2023\/10\/vignettepoteau1-1024x620.png 1024w, https:\/\/outinord.fr\/wp-content\/uploads\/2023\/10\/vignettepoteau1-300x182.png 300w, https:\/\/outinord.fr\/wp-content\/uploads\/2023\/10\/vignettepoteau1-768x465.png 768w, https:\/\/outinord.fr\/wp-content\/uploads\/2023\/10\/vignettepoteau1-1536x929.png 1536w, https:\/\/outinord.fr\/wp-content\/uploads\/2023\/10\/vignettepoteau1.png 1785w\" sizes=\"auto, (max-width: 1024px) 100vw, 1024px\" \/><\/a><\/figure>\n\n\n\n<figure class=\"wp-block-image size-large\"><a href=\"https:\/\/outinord.fr\/wp-content\/uploads\/2023\/10\/vignettepoteau2.png\" target=\"_blank\" rel=\"noreferrer noopener\"><img loading=\"lazy\" decoding=\"async\" width=\"1024\" height=\"576\" data-id=\"2463\" src=\"https:\/\/outinord.fr\/wp-content\/uploads\/2023\/10\/vignettepoteau2-1024x576.png\" alt=\"\" class=\"wp-image-2463\" srcset=\"https:\/\/outinord.fr\/wp-content\/uploads\/2023\/10\/vignettepoteau2-1024x576.png 1024w, https:\/\/outinord.fr\/wp-content\/uploads\/2023\/10\/vignettepoteau2-300x169.png 300w, https:\/\/outinord.fr\/wp-content\/uploads\/2023\/10\/vignettepoteau2-768x432.png 768w, https:\/\/outinord.fr\/wp-content\/uploads\/2023\/10\/vignettepoteau2-1536x864.png 1536w, https:\/\/outinord.fr\/wp-content\/uploads\/2023\/10\/vignettepoteau2.png 1920w\" sizes=\"auto, (max-width: 1024px) 100vw, 1024px\" \/><\/a><\/figure>\n<\/figure>\n\n\n\n<hr class=\"wp-block-separator has-alpha-channel-opacity\"\/>\n\n\n\n<p class=\"has-text-align-center\"><strong><em>Pour plus d&rsquo;informations sur nos produits, contactez-nous :<\/em><\/strong><\/p>\n\n\n\n<div class=\"wp-block-columns alignfull has-text-color has-background is-layout-flex wp-container-core-columns-is-layout-9d6595d7 wp-block-columns-is-layout-flex\" style=\"color:#000000;background-color:#ffffff\">\n<div class=\"wp-block-column is-layout-flow wp-block-column-is-layout-flow\">\n<div class=\"wp-block-buttons is-content-justification-center is-layout-flex wp-container-core-buttons-is-layout-16018d1d wp-block-buttons-is-layout-flex\">\n<div class=\"wp-block-button has-custom-width wp-block-button__width-100 has-custom-font-size is-style-outline is-style-outline--2\" style=\"font-size:16px\"><a class=\"wp-block-button__link has-luminous-vivid-orange-color has-white-background-color has-text-color has-background has-text-align-center wp-element-button\" href=\"https:\/\/outinord.fr\/site2023\/?page_id=299\" style=\"border-radius:100px\"><strong>OUTINORD<\/strong><\/a><\/div>\n<\/div>\n\n\n\n<p class=\"has-text-align-center\">392 Rue de Millonfosse<br>59230 SAINT-AMAND-LES-EAUX<br>Tel : +33 (0)3 27 23 83 83<br><a href=\"mailto:outinord@outinord.fr\">outinord@outinord.fr<\/a><\/p>\n<\/div>\n\n\n\n<div class=\"wp-block-column is-layout-flow wp-block-column-is-layout-flow\">\n<div class=\"wp-block-buttons is-content-justification-center is-layout-flex wp-container-core-buttons-is-layout-16018d1d wp-block-buttons-is-layout-flex\">\n<div class=\"wp-block-button has-custom-width wp-block-button__width-100 has-custom-font-size is-style-outline is-style-outline--3\" style=\"font-size:16px\"><a class=\"wp-block-button__link has-luminous-vivid-orange-color has-text-color wp-element-button\" href=\"https:\/\/outinord.fr\/site2023\/?page_id=299\" style=\"border-radius:100px\"><strong>OUTINORD LOCATION<\/strong><\/a><\/div>\n<\/div>\n\n\n\n<p class=\"has-text-align-center\">392 Rue de Millonfosse<br>59230 SAINT-AMAND-LES-EAUX<br>Tel : +33 (0)3 27 48 58 74<br><a href=\"mailto:outinord-location@outinord.fr\">outinord-location@outinord.fr<\/a><\/p>\n<\/div>\n\n\n\n<div class=\"wp-block-column is-layout-flow wp-block-column-is-layout-flow\">\n<div class=\"wp-block-buttons is-layout-flex wp-block-buttons-is-layout-flex\">\n<div class=\"wp-block-button has-custom-width wp-block-button__width-100 has-custom-font-size is-style-outline is-style-outline--4\" style=\"font-size:16px\"><a class=\"wp-block-button__link has-luminous-vivid-orange-color has-text-color wp-element-button\" href=\"https:\/\/outinord.net\/\" style=\"border-radius:100px\" target=\"_blank\" rel=\"noreferrer noopener\"><strong>OUTINORD UNIVERSAL<\/strong><\/a><\/div>\n<\/div>\n\n\n\n<p class=\"has-text-align-center\">20200 W Dixie Hwy. Ste 809<br>Miami, FL 33180 &#8211; USA<br>Tel : +1 (305) 604 3494<br><a href=\"mailto:oui@outinord.net\">oui@outinord.net<\/a><\/p>\n<\/div>\n<\/div>\n\n\n\n<p class=\"has-text-align-center\"><img loading=\"lazy\" decoding=\"async\" width=\"233\" height=\"44\" class=\"wp-image-2438\" style=\"width: 233px;\" src=\"https:\/\/outinord.fr\/wp-content\/uploads\/2023\/10\/hotline.png\" alt=\"\"><\/p>\n\n\n\n<hr class=\"wp-block-separator has-alpha-channel-opacity\"\/>\n","protected":false},"excerpt":{"rendered":"<p>Le support poteau carton apporte simplicit\u00e9 efficacit\u00e9, ergonomie dans son utilisation. Economique et robuste, sa conception lui permet d\u2019\u00eatre compatible avec les banches OUTINORD. Pour plus d&rsquo;informations sur nos produits, contactez-nous : 392 Rue de Millonfosse59230 SAINT-AMAND-LES-EAUXTel : +33 (0)3 27 23 83 83outinord@outinord.fr 392 Rue de Millonfosse59230 SAINT-AMAND-LES-EAUXTel : +33 (0)3 27 48 58 [&hellip;]<\/p>\n","protected":false},"author":1,"featured_media":0,"parent":0,"menu_order":0,"comment_status":"closed","ping_status":"closed","template":"fullwidth.php","meta":{"footnotes":""},"class_list":["post-138","page","type-page","status-publish","hentry"],"_links":{"self":[{"href":"https:\/\/outinord.fr\/index.php?rest_route=\/wp\/v2\/pages\/138","targetHints":{"allow":["GET"]}}],"collection":[{"href":"https:\/\/outinord.fr\/index.php?rest_route=\/wp\/v2\/pages"}],"about":[{"href":"https:\/\/outinord.fr\/index.php?rest_route=\/wp\/v2\/types\/page"}],"author":[{"embeddable":true,"href":"https:\/\/outinord.fr\/index.php?rest_route=\/wp\/v2\/users\/1"}],"replies":[{"embeddable":true,"href":"https:\/\/outinord.fr\/index.php?rest_route=%2Fwp%2Fv2%2Fcomments&post=138"}],"version-history":[{"count":30,"href":"https:\/\/outinord.fr\/index.php?rest_route=\/wp\/v2\/pages\/138\/revisions"}],"predecessor-version":[{"id":2466,"href":"https:\/\/outinord.fr\/index.php?rest_route=\/wp\/v2\/pages\/138\/revisions\/2466"}],"wp:attachment":[{"href":"https:\/\/outinord.fr\/index.php?rest_route=%2Fwp%2Fv2%2Fmedia&parent=138"}],"curies":[{"name":"wp","href":"https:\/\/api.w.org\/{rel}","templated":true}]}}