{"id":135,"date":"2023-06-13T14:09:49","date_gmt":"2023-06-13T12:09:49","guid":{"rendered":"https:\/\/outinord.fr\/site2023\/?page_id=135"},"modified":"2023-10-05T10:26:49","modified_gmt":"2023-10-05T08:26:49","slug":"ccrv","status":"publish","type":"page","link":"https:\/\/outinord.fr\/?page_id=135","title":{"rendered":"CCRV"},"content":{"rendered":"\n<p class=\"has-black-color has-text-color has-medium-font-size\"><strong>Le CCRV (Coffrage Circulaire \u00e0 Rayon Variable) est un outil polyvalent utilis\u00e9 dans de nombreux domaines du BTP pour traiter des r\u00e9alisations architecturales, o\u00f9 la qualit\u00e9 des parements doit \u00eatre irr\u00e9prochable et aussi pour r\u00e9aliser des ouvrages \u00e0 caract\u00e8re technique tels que les stations d\u2019\u00e9puration.<\/strong><\/p>\n\n\n\n<hr class=\"wp-block-separator has-alpha-channel-opacity\"\/>\n\n\n\n<div class=\"wp-block-media-text alignwide is-stacked-on-mobile is-vertically-aligned-top\"><figure class=\"wp-block-media-text__media\"><img loading=\"lazy\" decoding=\"async\" width=\"744\" height=\"1024\" src=\"https:\/\/outinord.fr\/wp-content\/uploads\/2023\/10\/ccrv-1-744x1024.png\" alt=\"\" class=\"wp-image-2446 size-full\" srcset=\"https:\/\/outinord.fr\/wp-content\/uploads\/2023\/10\/ccrv-1-744x1024.png 744w, https:\/\/outinord.fr\/wp-content\/uploads\/2023\/10\/ccrv-1-218x300.png 218w, https:\/\/outinord.fr\/wp-content\/uploads\/2023\/10\/ccrv-1-768x1057.png 768w, https:\/\/outinord.fr\/wp-content\/uploads\/2023\/10\/ccrv-1.png 849w\" sizes=\"auto, (max-width: 744px) 100vw, 744px\" \/><\/figure><div class=\"wp-block-media-text__content\">\n<h2 class=\"wp-block-heading has-luminous-vivid-orange-color has-text-color\">Le CCRV est propos\u00e9 \u00e9quip\u00e9 de l\u2019ensemble de ses accessoires pour les r\u00e9glages de niveau et d\u2019aplomb et :<\/h2>\n\n\n\n<ul class=\"wp-block-list\">\n<li class=\"has-medium-font-size\">de ses dispositifs d\u2019assemblage et de liaison lat\u00e9raux et en superposition.<\/li>\n\n\n\n<li class=\"has-medium-font-size\">d\u2019un ensemble de passerelles ext\u00e9rieures et int\u00e9rieures avec garde-corps et portillons d\u2019extr\u00e9mit\u00e9.<\/li>\n\n\n\n<li class=\"has-medium-font-size\">d\u2019une protection c\u00f4t\u00e9 face coffrante sur les panneaux int\u00e9rieurs et ext\u00e9rieurs.<\/li>\n\n\n\n<li class=\"has-medium-font-size\">de l&rsquo;ensemble palier et son \u00e9chelle avec acc\u00e8s par trappe \u00e0 la passerelle.<\/li>\n\n\n\n<li class=\"has-medium-font-size\">Poids moyen du coffrage: 150Kg\/m\u00b2 (banche 2800 x 2400).<\/li>\n\n\n\n<li class=\"has-medium-font-size\">Pression b\u00e9ton admissible: 10T\/m\u00b2.<\/li>\n\n\n\n<li class=\"has-medium-font-size\">Coloris standard : chamois <br>Autres coloris en option.<\/li>\n<\/ul>\n\n\n\n<div class=\"wp-block-buttons is-layout-flex wp-block-buttons-is-layout-flex\">\n<div class=\"wp-block-button\"><a class=\"wp-block-button__link has-luminous-vivid-orange-background-color has-background wp-element-button\" href=\"https:\/\/outinord.fr\/pdf\/ccrv.pdf\" target=\"_blank\" rel=\"noreferrer noopener\"><strong>Documentation compl\u00e8te en PDF<\/strong><\/a><\/div>\n<\/div>\n<\/div><\/div>\n\n\n\n<hr class=\"wp-block-separator has-alpha-channel-opacity\"\/>\n\n\n\n<figure class=\"wp-block-gallery has-nested-images columns-default is-cropped wp-block-gallery-1 is-layout-flex wp-block-gallery-is-layout-flex\">\n<figure class=\"wp-block-image size-large\"><a href=\"https:\/\/outinord.fr\/wp-content\/uploads\/2023\/10\/image1.png\" target=\"_blank\" rel=\"noreferrer noopener\"><img loading=\"lazy\" decoding=\"async\" width=\"1024\" height=\"576\" data-id=\"2447\" src=\"https:\/\/outinord.fr\/wp-content\/uploads\/2023\/10\/image1-1024x576.png\" alt=\"\" class=\"wp-image-2447\" srcset=\"https:\/\/outinord.fr\/wp-content\/uploads\/2023\/10\/image1-1024x576.png 1024w, https:\/\/outinord.fr\/wp-content\/uploads\/2023\/10\/image1-300x169.png 300w, https:\/\/outinord.fr\/wp-content\/uploads\/2023\/10\/image1-768x432.png 768w, https:\/\/outinord.fr\/wp-content\/uploads\/2023\/10\/image1-1536x864.png 1536w, https:\/\/outinord.fr\/wp-content\/uploads\/2023\/10\/image1.png 1920w\" sizes=\"auto, (max-width: 1024px) 100vw, 1024px\" \/><\/a><\/figure>\n\n\n\n<figure class=\"wp-block-image size-large\"><a href=\"https:\/\/outinord.fr\/wp-content\/uploads\/2023\/10\/image2.png\" target=\"_blank\" rel=\"noreferrer noopener\"><img loading=\"lazy\" decoding=\"async\" width=\"1024\" height=\"576\" data-id=\"2448\" src=\"https:\/\/outinord.fr\/wp-content\/uploads\/2023\/10\/image2-1024x576.png\" alt=\"\" class=\"wp-image-2448\" srcset=\"https:\/\/outinord.fr\/wp-content\/uploads\/2023\/10\/image2-1024x576.png 1024w, https:\/\/outinord.fr\/wp-content\/uploads\/2023\/10\/image2-300x169.png 300w, https:\/\/outinord.fr\/wp-content\/uploads\/2023\/10\/image2-768x432.png 768w, https:\/\/outinord.fr\/wp-content\/uploads\/2023\/10\/image2-1536x864.png 1536w, https:\/\/outinord.fr\/wp-content\/uploads\/2023\/10\/image2.png 1920w\" sizes=\"auto, (max-width: 1024px) 100vw, 1024px\" \/><\/a><\/figure>\n<\/figure>\n\n\n\n<hr class=\"wp-block-separator has-alpha-channel-opacity\"\/>\n\n\n\n<p class=\"has-text-align-center\"><strong><em>Pour plus d&rsquo;informations sur nos produits, contactez-nous :<\/em><\/strong><\/p>\n\n\n\n<div class=\"wp-block-columns alignfull has-text-color has-background is-layout-flex wp-container-core-columns-is-layout-9d6595d7 wp-block-columns-is-layout-flex\" style=\"color:#000000;background-color:#ffffff\">\n<div class=\"wp-block-column is-layout-flow wp-block-column-is-layout-flow\">\n<div class=\"wp-block-buttons is-content-justification-center is-layout-flex wp-container-core-buttons-is-layout-16018d1d wp-block-buttons-is-layout-flex\">\n<div class=\"wp-block-button has-custom-width wp-block-button__width-100 has-custom-font-size is-style-outline is-style-outline--2\" style=\"font-size:16px\"><a class=\"wp-block-button__link has-luminous-vivid-orange-color has-white-background-color has-text-color has-background has-text-align-center wp-element-button\" href=\"https:\/\/outinord.fr\/?page_id=299\" style=\"border-radius:100px\"><strong>OUTINORD<\/strong><\/a><\/div>\n<\/div>\n\n\n\n<p class=\"has-text-align-center\">392 Rue de Millonfosse<br>59230 SAINT-AMAND-LES-EAUX<br>Tel : +33 (0)3 27 23 83 83<br><a href=\"mailto:outinord@outinord.fr\">outinord@outinord.fr<\/a><\/p>\n<\/div>\n\n\n\n<div class=\"wp-block-column is-layout-flow wp-block-column-is-layout-flow\">\n<div class=\"wp-block-buttons is-content-justification-center is-layout-flex wp-container-core-buttons-is-layout-16018d1d wp-block-buttons-is-layout-flex\">\n<div class=\"wp-block-button has-custom-width wp-block-button__width-100 has-custom-font-size is-style-outline is-style-outline--3\" style=\"font-size:16px\"><a class=\"wp-block-button__link has-luminous-vivid-orange-color has-text-color wp-element-button\" href=\"https:\/\/outinord.fr\/?page_id=299\" style=\"border-radius:100px\"><strong>OUTINORD LOCATION<\/strong><\/a><\/div>\n<\/div>\n\n\n\n<p class=\"has-text-align-center\">392 Rue de Millonfosse<br>59230 SAINT-AMAND-LES-EAUX<br>Tel : +33 (0)3 27 48 58 74<br><a href=\"mailto:outinord-location@outinord.fr\">outinord-location@outinord.fr<\/a><\/p>\n<\/div>\n\n\n\n<div class=\"wp-block-column is-layout-flow wp-block-column-is-layout-flow\">\n<div class=\"wp-block-buttons is-layout-flex wp-block-buttons-is-layout-flex\">\n<div class=\"wp-block-button has-custom-width wp-block-button__width-100 has-custom-font-size is-style-outline is-style-outline--4\" style=\"font-size:16px\"><a class=\"wp-block-button__link has-luminous-vivid-orange-color has-text-color wp-element-button\" href=\"https:\/\/outinord.net\/\" style=\"border-radius:100px\" target=\"_blank\" rel=\"noreferrer noopener\"><strong>OUTINORD UNIVERSAL<\/strong><\/a><\/div>\n<\/div>\n\n\n\n<p class=\"has-text-align-center\">20200 W Dixie Hwy. Ste 809<br>Miami, FL 33180 &#8211; USA<br>Tel : +1 (305) 604 3494<br><a href=\"mailto:oui@outinord.net\">oui@outinord.net<\/a><\/p>\n<\/div>\n<\/div>\n\n\n\n<p class=\"has-text-align-center\"><img loading=\"lazy\" decoding=\"async\" width=\"233\" height=\"44\" class=\"wp-image-2438\" style=\"width: 233px;\" src=\"https:\/\/outinord.fr\/wp-content\/uploads\/2023\/10\/hotline.png\" alt=\"\"><\/p>\n\n\n\n<p class=\"has-text-align-center\"><\/p>\n\n\n\n<hr class=\"wp-block-separator has-alpha-channel-opacity\"\/>\n","protected":false},"excerpt":{"rendered":"<p>Le CCRV (Coffrage Circulaire \u00e0 Rayon Variable) est un outil polyvalent utilis\u00e9 dans de nombreux domaines du BTP pour traiter des r\u00e9alisations architecturales, o\u00f9 la qualit\u00e9 des parements doit \u00eatre irr\u00e9prochable et aussi pour r\u00e9aliser des ouvrages \u00e0 caract\u00e8re technique tels que les stations d\u2019\u00e9puration. Pour plus d&rsquo;informations sur nos produits, contactez-nous : 392 Rue [&hellip;]<\/p>\n","protected":false},"author":1,"featured_media":0,"parent":0,"menu_order":0,"comment_status":"closed","ping_status":"closed","template":"fullwidth.php","meta":{"footnotes":""},"class_list":["post-135","page","type-page","status-publish","hentry"],"_links":{"self":[{"href":"https:\/\/outinord.fr\/index.php?rest_route=\/wp\/v2\/pages\/135","targetHints":{"allow":["GET"]}}],"collection":[{"href":"https:\/\/outinord.fr\/index.php?rest_route=\/wp\/v2\/pages"}],"about":[{"href":"https:\/\/outinord.fr\/index.php?rest_route=\/wp\/v2\/types\/page"}],"author":[{"embeddable":true,"href":"https:\/\/outinord.fr\/index.php?rest_route=\/wp\/v2\/users\/1"}],"replies":[{"embeddable":true,"href":"https:\/\/outinord.fr\/index.php?rest_route=%2Fwp%2Fv2%2Fcomments&post=135"}],"version-history":[{"count":21,"href":"https:\/\/outinord.fr\/index.php?rest_route=\/wp\/v2\/pages\/135\/revisions"}],"predecessor-version":[{"id":2449,"href":"https:\/\/outinord.fr\/index.php?rest_route=\/wp\/v2\/pages\/135\/revisions\/2449"}],"wp:attachment":[{"href":"https:\/\/outinord.fr\/index.php?rest_route=%2Fwp%2Fv2%2Fmedia&parent=135"}],"curies":[{"name":"wp","href":"https:\/\/api.w.org\/{rel}","templated":true}]}}