{"id":126,"date":"2023-06-13T14:08:53","date_gmt":"2023-06-13T12:08:53","guid":{"rendered":"https:\/\/outinord.fr\/site2023\/?page_id=126"},"modified":"2023-10-05T10:28:39","modified_gmt":"2023-10-05T08:28:39","slug":"tpmax","status":"publish","type":"page","link":"https:\/\/outinord.fr\/?page_id=126","title":{"rendered":"TPMAX"},"content":{"rendered":"\n<p class=\"has-black-color has-text-color has-medium-font-size\"><strong>La banche TPMAX est une banche haute performance con\u00e7ue pour la r\u00e9alisation de grands ouvrages de g\u00e9nie civil. Sa conception robuste et sa flexibilit\u00e9 lui permettent de couler des voiles b\u00e9tons \u00e0 haute densit\u00e9 de ferraillage. Sa peau contreplaqu\u00e9e viss\u00e9e par l\u2019arri\u00e8re garantit des surfaces de b\u00e9ton de qualit\u00e9 \u00e9lev\u00e9e.<\/strong><\/p>\n\n\n\n<hr class=\"wp-block-separator has-alpha-channel-opacity\"\/>\n\n\n\n<div class=\"wp-block-media-text alignwide is-stacked-on-mobile is-vertically-aligned-top\"><figure class=\"wp-block-media-text__media\"><img loading=\"lazy\" decoding=\"async\" width=\"672\" height=\"1024\" src=\"https:\/\/outinord.fr\/wp-content\/uploads\/2023\/10\/tpmax-672x1024.png\" alt=\"\" class=\"wp-image-2450 size-full\" srcset=\"https:\/\/outinord.fr\/wp-content\/uploads\/2023\/10\/tpmax-672x1024.png 672w, https:\/\/outinord.fr\/wp-content\/uploads\/2023\/10\/tpmax-197x300.png 197w, https:\/\/outinord.fr\/wp-content\/uploads\/2023\/10\/tpmax-768x1170.png 768w, https:\/\/outinord.fr\/wp-content\/uploads\/2023\/10\/tpmax-1008x1536.png 1008w, https:\/\/outinord.fr\/wp-content\/uploads\/2023\/10\/tpmax.png 1077w\" sizes=\"auto, (max-width: 672px) 100vw, 672px\" \/><\/figure><div class=\"wp-block-media-text__content\">\n<h2 class=\"wp-block-heading has-luminous-vivid-orange-color has-text-color\">Les Nouveaut\u00e9s de la TPMAX<\/h2>\n\n\n\n<ul class=\"wp-block-list\">\n<li class=\"has-medium-font-size\">Pression admissible: 12T.<\/li>\n\n\n\n<li class=\"has-medium-font-size\">Ossature renforc\u00e9e.<\/li>\n\n\n\n<li class=\"has-medium-font-size\">Position multiple des entretoises.<\/li>\n\n\n\n<li class=\"has-medium-font-size\">Nombre r\u00e9duit d\u2019entretoises.<\/li>\n\n\n\n<li class=\"has-medium-font-size\">Possibilit\u00e9 de fixation de coffrage in-situ.<\/li>\n\n\n\n<li class=\"has-medium-font-size\">V\u00e9rins ergonomiques.<\/li>\n\n\n\n<li class=\"has-medium-font-size\">Circulation et acc\u00e8s facilit\u00e9s<\/li>\n\n\n\n<li class=\"has-medium-font-size\">Passerelle et garde-corps int\u00e9gr\u00e9s.<\/li>\n\n\n\n<li class=\"has-medium-font-size\">Fixation du contreplaqu\u00e9 par l\u2019arri\u00e8re<\/li>\n\n\n\n<li class=\"has-medium-font-size\">Grande pr\u00e9cision dimensionnelle de l\u2019ossature.<\/li>\n\n\n\n<li class=\"has-medium-font-size\">Parfait affleurement des faces coffrantes.<\/li>\n<\/ul>\n\n\n\n<div class=\"wp-block-buttons is-layout-flex wp-block-buttons-is-layout-flex\">\n<div class=\"wp-block-button\"><a class=\"wp-block-button__link has-luminous-vivid-orange-background-color has-background wp-element-button\" href=\"https:\/\/outinord.fr\/pdf\/tpmax.pdf\" target=\"_blank\" rel=\"noreferrer noopener\"><strong>Documentation compl\u00e8te en PDF<\/strong><\/a><\/div>\n<\/div>\n<\/div><\/div>\n\n\n\n<hr class=\"wp-block-separator has-alpha-channel-opacity\"\/>\n\n\n\n<figure class=\"wp-block-gallery has-nested-images columns-default is-cropped wp-block-gallery-1 is-layout-flex wp-block-gallery-is-layout-flex\">\n<figure class=\"wp-block-image size-large\"><img loading=\"lazy\" decoding=\"async\" width=\"1024\" height=\"576\" data-id=\"2451\" src=\"https:\/\/outinord.fr\/wp-content\/uploads\/2023\/10\/tpmax_chantier1-1024x576.png\" alt=\"\" class=\"wp-image-2451\" srcset=\"https:\/\/outinord.fr\/wp-content\/uploads\/2023\/10\/tpmax_chantier1-1024x576.png 1024w, https:\/\/outinord.fr\/wp-content\/uploads\/2023\/10\/tpmax_chantier1-300x169.png 300w, https:\/\/outinord.fr\/wp-content\/uploads\/2023\/10\/tpmax_chantier1-768x432.png 768w, https:\/\/outinord.fr\/wp-content\/uploads\/2023\/10\/tpmax_chantier1-1536x864.png 1536w, https:\/\/outinord.fr\/wp-content\/uploads\/2023\/10\/tpmax_chantier1.png 1920w\" sizes=\"auto, (max-width: 1024px) 100vw, 1024px\" \/><\/figure>\n\n\n\n<figure class=\"wp-block-image size-large\"><img loading=\"lazy\" decoding=\"async\" width=\"1024\" height=\"590\" data-id=\"2452\" src=\"https:\/\/outinord.fr\/wp-content\/uploads\/2023\/10\/tpmax_chantier2-1024x590.png\" alt=\"\" class=\"wp-image-2452\" srcset=\"https:\/\/outinord.fr\/wp-content\/uploads\/2023\/10\/tpmax_chantier2-1024x590.png 1024w, https:\/\/outinord.fr\/wp-content\/uploads\/2023\/10\/tpmax_chantier2-300x173.png 300w, https:\/\/outinord.fr\/wp-content\/uploads\/2023\/10\/tpmax_chantier2-768x443.png 768w, https:\/\/outinord.fr\/wp-content\/uploads\/2023\/10\/tpmax_chantier2-1536x886.png 1536w, https:\/\/outinord.fr\/wp-content\/uploads\/2023\/10\/tpmax_chantier2.png 1873w\" sizes=\"auto, (max-width: 1024px) 100vw, 1024px\" \/><\/figure>\n<\/figure>\n\n\n\n<hr class=\"wp-block-separator has-alpha-channel-opacity\"\/>\n\n\n\n<div class=\"wp-block-group is-vertical is-content-justification-center is-layout-flex wp-container-core-group-is-layout-4b2eccd6 wp-block-group-is-layout-flex\">\n<figure class=\"wp-block-embed is-type-video is-provider-youtube wp-block-embed-youtube wp-embed-aspect-16-9 wp-has-aspect-ratio\"><div class=\"wp-block-embed__wrapper\">\n<iframe loading=\"lazy\" title=\"ITER worksite 2016\/10\/04 from above - UAV Drone\" width=\"500\" height=\"281\" src=\"https:\/\/www.youtube.com\/embed\/vdXwoYANm2w?feature=oembed\" frameborder=\"0\" allow=\"accelerometer; autoplay; clipboard-write; encrypted-media; gyroscope; picture-in-picture; web-share\" referrerpolicy=\"strict-origin-when-cross-origin\" allowfullscreen><\/iframe>\n<\/div><\/figure>\n<\/div>\n\n\n\n<hr class=\"wp-block-separator has-alpha-channel-opacity\"\/>\n\n\n\n<p class=\"has-text-align-center\"><strong><em>Pour plus d&rsquo;informations sur nos produits, contactez-nous :<\/em><\/strong><\/p>\n\n\n\n<div class=\"wp-block-columns alignfull has-text-color has-background is-layout-flex wp-container-core-columns-is-layout-9d6595d7 wp-block-columns-is-layout-flex\" style=\"color:#000000;background-color:#ffffff\">\n<div class=\"wp-block-column is-layout-flow wp-block-column-is-layout-flow\">\n<div class=\"wp-block-buttons is-content-justification-center is-layout-flex wp-container-core-buttons-is-layout-16018d1d wp-block-buttons-is-layout-flex\">\n<div class=\"wp-block-button has-custom-width wp-block-button__width-100 has-custom-font-size is-style-outline is-style-outline--2\" style=\"font-size:16px\"><a class=\"wp-block-button__link has-luminous-vivid-orange-color has-white-background-color has-text-color has-background has-text-align-center wp-element-button\" href=\"https:\/\/outinord.fr\/?page_id=299\" style=\"border-radius:100px\"><strong>OUTINORD<\/strong><\/a><\/div>\n<\/div>\n\n\n\n<p class=\"has-text-align-center\">392 Rue de Millonfosse<br>59230 SAINT-AMAND-LES-EAUX<br>Tel : +33 (0)3 27 23 83 83<br><a href=\"mailto:outinord@outinord.fr\">outinord@outinord.fr<\/a><\/p>\n<\/div>\n\n\n\n<div class=\"wp-block-column is-layout-flow wp-block-column-is-layout-flow\">\n<div class=\"wp-block-buttons is-content-justification-center is-layout-flex wp-container-core-buttons-is-layout-16018d1d wp-block-buttons-is-layout-flex\">\n<div class=\"wp-block-button has-custom-width wp-block-button__width-100 has-custom-font-size is-style-outline is-style-outline--3\" style=\"font-size:16px\"><a class=\"wp-block-button__link has-luminous-vivid-orange-color has-text-color wp-element-button\" href=\"https:\/\/outinord.fr\/?page_id=299\" style=\"border-radius:100px\"><strong>OUTINORD LOCATION<\/strong><\/a><\/div>\n<\/div>\n\n\n\n<p class=\"has-text-align-center\">392 Rue de Millonfosse<br>59230 SAINT-AMAND-LES-EAUX<br>Tel : +33 (0)3 27 48 58 74<br><a href=\"mailto:outinord-location@outinord.fr\">outinord-location@outinord.fr<\/a><\/p>\n<\/div>\n\n\n\n<div class=\"wp-block-column is-layout-flow wp-block-column-is-layout-flow\">\n<div class=\"wp-block-buttons is-layout-flex wp-block-buttons-is-layout-flex\">\n<div class=\"wp-block-button has-custom-width wp-block-button__width-100 has-custom-font-size is-style-outline is-style-outline--4\" style=\"font-size:16px\"><a class=\"wp-block-button__link has-luminous-vivid-orange-color has-text-color wp-element-button\" href=\"https:\/\/outinord.net\/\" style=\"border-radius:100px\" target=\"_blank\" rel=\"noreferrer noopener\"><strong>OUTINORD UNIVERSAL<\/strong><\/a><\/div>\n<\/div>\n\n\n\n<p class=\"has-text-align-center\">20200 W Dixie Hwy. Ste 809<br>Miami, FL 33180 &#8211; USA<br>Tel : +1 (305) 604 3494<br><a href=\"mailto:oui@outinord.net\">oui@outinord.net<\/a><\/p>\n<\/div>\n<\/div>\n\n\n\n<p class=\"has-text-align-center\"><img loading=\"lazy\" decoding=\"async\" width=\"233\" height=\"44\" class=\"wp-image-2438\" style=\"width: 233px;\" src=\"https:\/\/outinord.fr\/wp-content\/uploads\/2023\/10\/hotline.png\" alt=\"\"><\/p>\n\n\n\n<div class=\"wp-block-columns is-layout-flex wp-container-core-columns-is-layout-9d6595d7 wp-block-columns-is-layout-flex\">\n<div class=\"wp-block-column is-layout-flow wp-block-column-is-layout-flow\" style=\"flex-basis:100%\">\n<div class=\"wp-block-group\"><div class=\"wp-block-group__inner-container is-layout-constrained wp-block-group-is-layout-constrained\">\n<hr class=\"wp-block-separator has-alpha-channel-opacity\"\/>\n<\/div><\/div>\n<\/div>\n<\/div>\n","protected":false},"excerpt":{"rendered":"<p>La banche TPMAX est une banche haute performance con\u00e7ue pour la r\u00e9alisation de grands ouvrages de g\u00e9nie civil. Sa conception robuste et sa flexibilit\u00e9 lui permettent de couler des voiles b\u00e9tons \u00e0 haute densit\u00e9 de ferraillage. Sa peau contreplaqu\u00e9e viss\u00e9e par l\u2019arri\u00e8re garantit des surfaces de b\u00e9ton de qualit\u00e9 \u00e9lev\u00e9e. Pour plus d&rsquo;informations sur nos [&hellip;]<\/p>\n","protected":false},"author":1,"featured_media":0,"parent":0,"menu_order":0,"comment_status":"closed","ping_status":"closed","template":"fullwidth.php","meta":{"footnotes":""},"class_list":["post-126","page","type-page","status-publish","hentry"],"_links":{"self":[{"href":"https:\/\/outinord.fr\/index.php?rest_route=\/wp\/v2\/pages\/126","targetHints":{"allow":["GET"]}}],"collection":[{"href":"https:\/\/outinord.fr\/index.php?rest_route=\/wp\/v2\/pages"}],"about":[{"href":"https:\/\/outinord.fr\/index.php?rest_route=\/wp\/v2\/types\/page"}],"author":[{"embeddable":true,"href":"https:\/\/outinord.fr\/index.php?rest_route=\/wp\/v2\/users\/1"}],"replies":[{"embeddable":true,"href":"https:\/\/outinord.fr\/index.php?rest_route=%2Fwp%2Fv2%2Fcomments&post=126"}],"version-history":[{"count":38,"href":"https:\/\/outinord.fr\/index.php?rest_route=\/wp\/v2\/pages\/126\/revisions"}],"predecessor-version":[{"id":2455,"href":"https:\/\/outinord.fr\/index.php?rest_route=\/wp\/v2\/pages\/126\/revisions\/2455"}],"wp:attachment":[{"href":"https:\/\/outinord.fr\/index.php?rest_route=%2Fwp%2Fv2%2Fmedia&parent=126"}],"curies":[{"name":"wp","href":"https:\/\/api.w.org\/{rel}","templated":true}]}}