{"id":1225,"date":"2023-09-19T15:23:25","date_gmt":"2023-09-19T13:23:25","guid":{"rendered":"https:\/\/outinord.fr\/site2023\/?page_id=1225"},"modified":"2023-10-05T11:10:05","modified_gmt":"2023-10-05T09:10:05","slug":"s","status":"publish","type":"page","link":"https:\/\/outinord.fr\/?page_id=1225","title":{"rendered":"S+"},"content":{"rendered":"\n<p class=\"has-black-color has-text-color has-medium-font-size\"><strong>La PTE S+ Evolution est une plate-forme de travail en encorbellement d\u2019utilisation simple et s\u00e9curis\u00e9e. Sa mise en \u0153uvre facile et la fixation rapide des \u00e9l\u00e9ments de s\u00e9curit\u00e9 ne n\u00e9cessitent aucun outil.<\/strong><\/p>\n\n\n\n<hr class=\"wp-block-separator has-alpha-channel-opacity\"\/>\n\n\n\n<div class=\"wp-block-media-text is-stacked-on-mobile is-vertically-aligned-top\" style=\"grid-template-columns:46% auto\"><figure class=\"wp-block-media-text__media\"><img loading=\"lazy\" decoding=\"async\" width=\"400\" height=\"263\" src=\"https:\/\/outinord.fr\/wp-content\/uploads\/2023\/10\/S400.png\" alt=\"\" class=\"wp-image-2502 size-full\" srcset=\"https:\/\/outinord.fr\/wp-content\/uploads\/2023\/10\/S400.png 400w, https:\/\/outinord.fr\/wp-content\/uploads\/2023\/10\/S400-300x197.png 300w\" sizes=\"auto, (max-width: 400px) 100vw, 400px\" \/><\/figure><div class=\"wp-block-media-text__content\">\n<h2 class=\"wp-block-heading has-luminous-vivid-orange-color has-text-color\">Caract\u00e9ristiques de la S+<\/h2>\n\n\n\n<ul class=\"wp-block-list\">\n<li class=\"has-medium-font-size\">Solidit\u00e9 de sa conception en profils ferm\u00e9s garantissant une rigidit\u00e9 structurelle sup\u00e9rieure.<\/li>\n\n\n\n<li class=\"has-medium-font-size\">Garde-corps extensible s\u2019adaptant \u00e0 tous les cas de figure.<\/li>\n\n\n\n<li class=\"has-medium-font-size\">Supports reprenant jusqu\u2019\u00e0 5 tonnes de charge.<\/li>\n\n\n\n<li class=\"has-medium-font-size\">Auvent inclinable lib\u00e9rant plus d\u2019espace, de confort.<\/li>\n\n\n\n<li class=\"has-medium-font-size\">Suppression des pi\u00e8ces perdables.<\/li>\n\n\n\n<li class=\"has-medium-font-size\">MEPPI : support Mis En Place Par l\u2019Int\u00e9rieur (Brevet Outinord)<\/li>\n<\/ul>\n\n\n\n<div class=\"wp-block-buttons is-layout-flex wp-block-buttons-is-layout-flex\">\n<div class=\"wp-block-button\"><a class=\"wp-block-button__link has-white-color has-luminous-vivid-orange-background-color has-text-color has-background wp-element-button\" href=\"https:\/\/outinord.fr\/pdf\/s.pdf\" target=\"_blank\" rel=\"noreferrer noopener\"><strong>Documentation compl\u00e8te en PDF<\/strong><\/a><\/div>\n<\/div>\n<\/div><\/div>\n\n\n\n<hr class=\"wp-block-separator has-alpha-channel-opacity\"\/>\n\n\n\n<figure class=\"wp-block-gallery has-nested-images columns-default is-cropped wp-block-gallery-1 is-layout-flex wp-block-gallery-is-layout-flex\">\n<figure class=\"wp-block-image size-full\"><img loading=\"lazy\" decoding=\"async\" width=\"400\" height=\"364\" data-id=\"2498\" src=\"https:\/\/outinord.fr\/wp-content\/uploads\/2023\/10\/chantier.png\" alt=\"\" class=\"wp-image-2498\" srcset=\"https:\/\/outinord.fr\/wp-content\/uploads\/2023\/10\/chantier.png 400w, https:\/\/outinord.fr\/wp-content\/uploads\/2023\/10\/chantier-300x273.png 300w\" sizes=\"auto, (max-width: 400px) 100vw, 400px\" \/><\/figure>\n\n\n\n<figure class=\"wp-block-image size-full\"><img loading=\"lazy\" decoding=\"async\" width=\"400\" height=\"364\" data-id=\"2499\" src=\"https:\/\/outinord.fr\/wp-content\/uploads\/2023\/10\/chantier2.png\" alt=\"\" class=\"wp-image-2499\" srcset=\"https:\/\/outinord.fr\/wp-content\/uploads\/2023\/10\/chantier2.png 400w, https:\/\/outinord.fr\/wp-content\/uploads\/2023\/10\/chantier2-300x273.png 300w\" sizes=\"auto, (max-width: 400px) 100vw, 400px\" \/><\/figure>\n<\/figure>\n\n\n\n<hr class=\"wp-block-separator has-alpha-channel-opacity\"\/>\n\n\n\n<p class=\"has-text-align-center\"><strong><em>Pour plus d&rsquo;informations sur nos produits, contactez-nous :<\/em><\/strong><\/p>\n\n\n\n<div class=\"wp-block-columns alignfull has-text-color has-background is-layout-flex wp-container-core-columns-is-layout-9d6595d7 wp-block-columns-is-layout-flex\" style=\"color:#000000;background-color:#ffffff\">\n<div class=\"wp-block-column is-layout-flow wp-block-column-is-layout-flow\">\n<div class=\"wp-block-buttons is-content-justification-center is-layout-flex wp-container-core-buttons-is-layout-16018d1d wp-block-buttons-is-layout-flex\">\n<div class=\"wp-block-button has-custom-width wp-block-button__width-100 has-custom-font-size is-style-outline is-style-outline--2\" style=\"font-size:16px\"><a class=\"wp-block-button__link has-luminous-vivid-orange-color has-white-background-color has-text-color has-background has-text-align-center wp-element-button\" href=\"https:\/\/outinord.fr\/?page_id=299\" style=\"border-radius:100px\"><strong>OUTINORD<\/strong><\/a><\/div>\n<\/div>\n\n\n\n<p class=\"has-text-align-center\">392 Rue de Millonfosse<br>59230 SAINT-AMAND-LES-EAUX<br>Tel : +33 (0)3 27 23 83 83<br><a href=\"mailto:outinord@outinord.fr\">outinord@outinord.fr<\/a><\/p>\n<\/div>\n\n\n\n<div class=\"wp-block-column is-layout-flow wp-block-column-is-layout-flow\">\n<div class=\"wp-block-buttons is-content-justification-center is-layout-flex wp-container-core-buttons-is-layout-16018d1d wp-block-buttons-is-layout-flex\">\n<div class=\"wp-block-button has-custom-width wp-block-button__width-100 has-custom-font-size is-style-outline is-style-outline--3\" style=\"font-size:16px\"><a class=\"wp-block-button__link has-luminous-vivid-orange-color has-text-color wp-element-button\" href=\"https:\/\/outinord.fr\/?page_id=299\" style=\"border-radius:100px\"><strong>OUTINORD LOCATION<\/strong><\/a><\/div>\n<\/div>\n\n\n\n<p class=\"has-text-align-center\">392 Rue de Millonfosse<br>59230 SAINT-AMAND-LES-EAUX<br>Tel : +33 (0)3 27 48 58 74<br><a href=\"mailto:outinord-location@outinord.fr\">outinord-location@outinord.fr<\/a><\/p>\n<\/div>\n\n\n\n<div class=\"wp-block-column is-layout-flow wp-block-column-is-layout-flow\">\n<div class=\"wp-block-buttons is-layout-flex wp-block-buttons-is-layout-flex\">\n<div class=\"wp-block-button has-custom-width wp-block-button__width-100 has-custom-font-size is-style-outline is-style-outline--4\" style=\"font-size:16px\"><a class=\"wp-block-button__link has-luminous-vivid-orange-color has-text-color wp-element-button\" href=\"https:\/\/outinord.net\/\" style=\"border-radius:100px\" target=\"_blank\" rel=\"noreferrer noopener\"><strong>OUTINORD UNIVERSAL<\/strong><\/a><\/div>\n<\/div>\n\n\n\n<p class=\"has-text-align-center\">20200 W Dixie Hwy. Ste 809<br>Miami, FL 33180 &#8211; USA<br>Tel : +1 (305) 604 3494<br><a href=\"mailto:oui@outinord.net\">oui@outinord.net<\/a><\/p>\n<\/div>\n<\/div>\n\n\n\n<p class=\"has-text-align-center\"><img loading=\"lazy\" decoding=\"async\" width=\"233\" height=\"44\" class=\"wp-image-2438\" style=\"width: 233px;\" src=\"https:\/\/outinord.fr\/wp-content\/uploads\/2023\/10\/hotline.png\" alt=\"\"><\/p>\n\n\n\n<hr class=\"wp-block-separator has-alpha-channel-opacity\"\/>\n","protected":false},"excerpt":{"rendered":"<p>La PTE S+ Evolution est une plate-forme de travail en encorbellement d\u2019utilisation simple et s\u00e9curis\u00e9e. Sa mise en \u0153uvre facile et la fixation rapide des \u00e9l\u00e9ments de s\u00e9curit\u00e9 ne n\u00e9cessitent aucun outil. Pour plus d&rsquo;informations sur nos produits, contactez-nous : 392 Rue de Millonfosse59230 SAINT-AMAND-LES-EAUXTel : +33 (0)3 27 23 83 83outinord@outinord.fr 392 Rue de [&hellip;]<\/p>\n","protected":false},"author":1,"featured_media":0,"parent":0,"menu_order":0,"comment_status":"closed","ping_status":"closed","template":"fullwidth.php","meta":{"footnotes":""},"class_list":["post-1225","page","type-page","status-publish","hentry"],"_links":{"self":[{"href":"https:\/\/outinord.fr\/index.php?rest_route=\/wp\/v2\/pages\/1225","targetHints":{"allow":["GET"]}}],"collection":[{"href":"https:\/\/outinord.fr\/index.php?rest_route=\/wp\/v2\/pages"}],"about":[{"href":"https:\/\/outinord.fr\/index.php?rest_route=\/wp\/v2\/types\/page"}],"author":[{"embeddable":true,"href":"https:\/\/outinord.fr\/index.php?rest_route=\/wp\/v2\/users\/1"}],"replies":[{"embeddable":true,"href":"https:\/\/outinord.fr\/index.php?rest_route=%2Fwp%2Fv2%2Fcomments&post=1225"}],"version-history":[{"count":27,"href":"https:\/\/outinord.fr\/index.php?rest_route=\/wp\/v2\/pages\/1225\/revisions"}],"predecessor-version":[{"id":2503,"href":"https:\/\/outinord.fr\/index.php?rest_route=\/wp\/v2\/pages\/1225\/revisions\/2503"}],"wp:attachment":[{"href":"https:\/\/outinord.fr\/index.php?rest_route=%2Fwp%2Fv2%2Fmedia&parent=1225"}],"curies":[{"name":"wp","href":"https:\/\/api.w.org\/{rel}","templated":true}]}}