{"id":120,"date":"2023-06-13T14:07:56","date_gmt":"2023-06-13T12:07:56","guid":{"rendered":"https:\/\/outinord.fr\/site2023\/?page_id=120"},"modified":"2023-10-23T10:50:24","modified_gmt":"2023-10-23T08:50:24","slug":"b10000-evo4","status":"publish","type":"page","link":"https:\/\/outinord.fr\/?page_id=120","title":{"rendered":"B8000 Evo4"},"content":{"rendered":"\n<p class=\"has-black-color has-text-color has-medium-font-size\"><strong>La gamme B8000 est reconnue par ses utilisateurs pour ses capacit\u00e9s \u00e0 atteindre les meilleurs niveaux de productivit\u00e9 dans des conditions de s\u00e9curit\u00e9 optimales. <\/strong><\/p>\n\n\n\n<hr class=\"wp-block-separator has-alpha-channel-opacity\"\/>\n\n\n\n<div class=\"wp-block-group alignwide\"><div class=\"wp-block-group__inner-container is-layout-constrained wp-block-group-is-layout-constrained\">\n<div class=\"wp-block-media-text alignwide is-stacked-on-mobile is-vertically-aligned-top\" style=\"grid-template-columns:46% auto\"><figure class=\"wp-block-media-text__media\"><img loading=\"lazy\" decoding=\"async\" width=\"676\" height=\"1024\" src=\"https:\/\/outinord.fr\/wp-content\/uploads\/2023\/10\/BEVO4-676x1024.png\" alt=\"\" class=\"wp-image-2426 size-full\" srcset=\"https:\/\/outinord.fr\/wp-content\/uploads\/2023\/10\/BEVO4-676x1024.png 676w, https:\/\/outinord.fr\/wp-content\/uploads\/2023\/10\/BEVO4-198x300.png 198w, https:\/\/outinord.fr\/wp-content\/uploads\/2023\/10\/BEVO4-768x1163.png 768w, https:\/\/outinord.fr\/wp-content\/uploads\/2023\/10\/BEVO4.png 849w\" sizes=\"auto, (max-width: 676px) 100vw, 676px\" \/><\/figure><div class=\"wp-block-media-text__content\">\n<h2 class=\"wp-block-heading has-luminous-vivid-orange-color has-text-color\">Les Qualit\u00e9s de la B8000 Evo4<\/h2>\n\n\n\n<ul class=\"has-black-color has-text-color has-medium-font-size wp-block-list\">\n<li class=\"has-medium-font-size\">Gain de temps au coffrage.<\/li>\n\n\n\n<li class=\"has-medium-font-size\">Gain de temps au r\u00e9glage.<\/li>\n\n\n\n<li class=\"has-medium-font-size\">Gain de temps au d\u00e9coffrage.<\/li>\n\n\n\n<li class=\"has-medium-font-size\">Gain de temps dans les d\u00e9placements.<\/li>\n\n\n\n<li class=\"has-medium-font-size\">Gain de temps en superposition.<\/li>\n\n\n\n<li class=\"has-medium-font-size\">Grande rigidit\u00e9 des panneaux<\/li>\n\n\n\n<li class=\"has-medium-font-size\">Qualit\u00e9 d\u2019affleurement<\/li>\n\n\n\n<li class=\"has-medium-font-size\">Pr\u00e9cision dimensionnelle.<\/li>\n\n\n\n<li class=\"has-medium-font-size\">Design fonctionnel.<\/li>\n\n\n\n<li class=\"has-medium-font-size\">Confort d\u2019entretien<\/li>\n\n\n\n<li class=\"has-medium-font-size\">Nouvelle BAAM imperdable (Brevet Outinord)<\/li>\n\n\n\n<li class=\"has-medium-font-size\">Console de support de passerelle MONOBLOC.<\/li>\n\n\n\n<li class=\"has-medium-font-size\">Protection face coffrante sans cha\u00eenes.<\/li>\n\n\n\n<li class=\"has-medium-font-size\">Poids moyen du coffrage: 130Kg\/m\u00b2 (banche 2800 x 2500)                                 <\/li>\n<\/ul>\n\n\n\n<div class=\"wp-block-buttons has-custom-font-size has-medium-font-size is-layout-flex wp-block-buttons-is-layout-flex\">\n<div class=\"wp-block-button\"><a class=\"wp-block-button__link has-luminous-vivid-orange-background-color has-background wp-element-button\" href=\"https:\/\/outinord.fr\/pdf\/B8000evo4.pdf\" target=\"_blank\" rel=\"noreferrer noopener\"><strong>Documentation compl\u00e8te en PDF<\/strong><\/a><\/div>\n<\/div>\n<\/div><\/div>\n\n\n\n<p><\/p>\n\n\n\n<div class=\"wp-block-columns is-layout-flex wp-container-core-columns-is-layout-9d6595d7 wp-block-columns-is-layout-flex\">\n<div class=\"wp-block-column is-layout-flow wp-block-column-is-layout-flow\"><div class=\"wp-block-image\">\n<figure class=\"aligncenter size-full\"><a href=\"https:\/\/outinord.fr\/pdf\/compas.pdf\"><img loading=\"lazy\" decoding=\"async\" width=\"250\" height=\"379\" src=\"https:\/\/outinord.fr\/wp-content\/uploads\/2023\/10\/compas-1.png\" alt=\"\" class=\"wp-image-2417\" srcset=\"https:\/\/outinord.fr\/wp-content\/uploads\/2023\/10\/compas-1.png 250w, https:\/\/outinord.fr\/wp-content\/uploads\/2023\/10\/compas-1-198x300.png 198w\" sizes=\"auto, (max-width: 250px) 100vw, 250px\" \/><\/a><\/figure>\n<\/div>\n\n\n<div class=\"wp-block-buttons is-content-justification-center is-layout-flex wp-container-core-buttons-is-layout-16018d1d wp-block-buttons-is-layout-flex\">\n<div class=\"wp-block-button\"><a class=\"wp-block-button__link has-luminous-vivid-orange-background-color has-background wp-element-button\" href=\"https:\/\/outinord.fr\/pdf\/compas.pdf\" target=\"_blank\" rel=\"noreferrer noopener\"><strong>Documentation compl\u00e8te en PDF<\/strong><\/a><\/div>\n<\/div>\n<\/div>\n\n\n\n<div class=\"wp-block-column is-layout-flow wp-block-column-is-layout-flow\"><div class=\"wp-block-image\">\n<figure class=\"aligncenter size-full\"><a href=\"https:\/\/outinord.fr\/pdf\/kale.pdf\"><img loading=\"lazy\" decoding=\"async\" width=\"250\" height=\"379\" src=\"https:\/\/outinord.fr\/wp-content\/uploads\/2023\/10\/kaleP-1.png\" alt=\"\" class=\"wp-image-2419\" style=\"object-fit:cover\" srcset=\"https:\/\/outinord.fr\/wp-content\/uploads\/2023\/10\/kaleP-1.png 250w, https:\/\/outinord.fr\/wp-content\/uploads\/2023\/10\/kaleP-1-198x300.png 198w\" sizes=\"auto, (max-width: 250px) 100vw, 250px\" \/><\/a><\/figure>\n<\/div>\n\n\n<div class=\"wp-block-buttons is-content-justification-center is-layout-flex wp-container-core-buttons-is-layout-16018d1d wp-block-buttons-is-layout-flex\">\n<div class=\"wp-block-button\"><a class=\"wp-block-button__link has-luminous-vivid-orange-background-color has-background wp-element-button\" href=\"https:\/\/outinord.fr\/pdf\/kale.pdf\" target=\"_blank\" rel=\"noreferrer noopener\"><strong>Documentation compl\u00e8te en PDF<\/strong><\/a><\/div>\n<\/div>\n<\/div>\n\n\n\n<div class=\"wp-block-column is-layout-flow wp-block-column-is-layout-flow\"><div class=\"wp-block-image\">\n<figure class=\"aligncenter size-full is-resized\"><a href=\"https:\/\/outinord.fr\/?page_id=3000\"><img loading=\"lazy\" decoding=\"async\" width=\"250\" height=\"379\" src=\"https:\/\/outinord.fr\/wp-content\/uploads\/2023\/10\/BancheTgifanim-2.gif\" alt=\"\" class=\"wp-image-3151\" style=\"aspect-ratio:0.6596306068601583;object-fit:cover;width:249px;height:auto\"\/><\/a><\/figure>\n<\/div>\n\n\n<div class=\"wp-block-buttons is-content-justification-center is-layout-flex wp-container-core-buttons-is-layout-16018d1d wp-block-buttons-is-layout-flex\">\n<div class=\"wp-block-button has-custom-width wp-block-button__width-75\"><a class=\"wp-block-button__link has-luminous-vivid-orange-background-color has-background wp-element-button\" href=\"https:\/\/outinord.fr\/?page_id=3000\"><strong>Plus d&rsquo;informations<\/strong><\/a><\/div>\n<\/div>\n<\/div>\n<\/div>\n<\/div><\/div>\n\n\n\n<hr class=\"wp-block-separator has-alpha-channel-opacity\"\/>\n\n\n\n<div class=\"wp-block-group is-content-justification-center is-nowrap is-layout-flex wp-container-core-group-is-layout-94bc23d7 wp-block-group-is-layout-flex\">\n<hr class=\"wp-block-separator has-alpha-channel-opacity\"\/>\n<\/div>\n\n\n\n<figure class=\"wp-block-gallery has-nested-images columns-default is-cropped wp-block-gallery-1 is-layout-flex wp-block-gallery-is-layout-flex\">\n<figure class=\"wp-block-image size-large\"><a href=\"https:\/\/outinord.fr\/wp-content\/uploads\/2023\/10\/2011-b8000-evo3-Roubaix-grande-hauteur-17m-SOGEA-Central-biomasse-matrice-Copie.jpg\" target=\"_blank\" rel=\"noreferrer noopener\"><img loading=\"lazy\" decoding=\"async\" width=\"1024\" height=\"576\" data-id=\"2428\" src=\"https:\/\/outinord.fr\/wp-content\/uploads\/2023\/10\/2011-b8000-evo3-Roubaix-grande-hauteur-17m-SOGEA-Central-biomasse-matrice-Copie-1024x576.jpg\" alt=\"\" class=\"wp-image-2428\" srcset=\"https:\/\/outinord.fr\/wp-content\/uploads\/2023\/10\/2011-b8000-evo3-Roubaix-grande-hauteur-17m-SOGEA-Central-biomasse-matrice-Copie-1024x576.jpg 1024w, https:\/\/outinord.fr\/wp-content\/uploads\/2023\/10\/2011-b8000-evo3-Roubaix-grande-hauteur-17m-SOGEA-Central-biomasse-matrice-Copie-300x169.jpg 300w, https:\/\/outinord.fr\/wp-content\/uploads\/2023\/10\/2011-b8000-evo3-Roubaix-grande-hauteur-17m-SOGEA-Central-biomasse-matrice-Copie-768x432.jpg 768w, https:\/\/outinord.fr\/wp-content\/uploads\/2023\/10\/2011-b8000-evo3-Roubaix-grande-hauteur-17m-SOGEA-Central-biomasse-matrice-Copie-1536x864.jpg 1536w, https:\/\/outinord.fr\/wp-content\/uploads\/2023\/10\/2011-b8000-evo3-Roubaix-grande-hauteur-17m-SOGEA-Central-biomasse-matrice-Copie.jpg 1920w\" sizes=\"auto, (max-width: 1024px) 100vw, 1024px\" \/><\/a><\/figure>\n\n\n\n<figure class=\"wp-block-image size-large\"><a href=\"https:\/\/outinord.fr\/wp-content\/uploads\/2023\/10\/2011-b8000-evo3-Roubaix-grande-hauteur-17m-SOGEA-Central-biomasse-matrice_123.jpg\" target=\"_blank\" rel=\"noreferrer noopener\"><img loading=\"lazy\" decoding=\"async\" width=\"1024\" height=\"576\" data-id=\"2429\" src=\"https:\/\/outinord.fr\/wp-content\/uploads\/2023\/10\/2011-b8000-evo3-Roubaix-grande-hauteur-17m-SOGEA-Central-biomasse-matrice_123-1024x576.jpg\" alt=\"\" class=\"wp-image-2429\" srcset=\"https:\/\/outinord.fr\/wp-content\/uploads\/2023\/10\/2011-b8000-evo3-Roubaix-grande-hauteur-17m-SOGEA-Central-biomasse-matrice_123-1024x576.jpg 1024w, https:\/\/outinord.fr\/wp-content\/uploads\/2023\/10\/2011-b8000-evo3-Roubaix-grande-hauteur-17m-SOGEA-Central-biomasse-matrice_123-300x169.jpg 300w, https:\/\/outinord.fr\/wp-content\/uploads\/2023\/10\/2011-b8000-evo3-Roubaix-grande-hauteur-17m-SOGEA-Central-biomasse-matrice_123-768x432.jpg 768w, https:\/\/outinord.fr\/wp-content\/uploads\/2023\/10\/2011-b8000-evo3-Roubaix-grande-hauteur-17m-SOGEA-Central-biomasse-matrice_123-1536x864.jpg 1536w, https:\/\/outinord.fr\/wp-content\/uploads\/2023\/10\/2011-b8000-evo3-Roubaix-grande-hauteur-17m-SOGEA-Central-biomasse-matrice_123.jpg 1920w\" sizes=\"auto, (max-width: 1024px) 100vw, 1024px\" \/><\/a><\/figure>\n<\/figure>\n\n\n\n<hr class=\"wp-block-separator has-alpha-channel-opacity\"\/>\n\n\n\n<p class=\"has-text-align-center has-black-color has-text-color\"><strong><em>Pour plus d&rsquo;informations sur nos produits, contactez-nous :<\/em><\/strong><\/p>\n\n\n\n<div class=\"wp-block-columns alignfull has-text-color has-background is-layout-flex wp-container-core-columns-is-layout-9d6595d7 wp-block-columns-is-layout-flex\" style=\"color:#000000;background-color:#ffffff\">\n<div class=\"wp-block-column is-layout-flow wp-block-column-is-layout-flow\">\n<div class=\"wp-block-buttons is-content-justification-center is-layout-flex wp-container-core-buttons-is-layout-16018d1d wp-block-buttons-is-layout-flex\">\n<div class=\"wp-block-button has-custom-width wp-block-button__width-100 has-custom-font-size is-style-outline is-style-outline--2\" style=\"font-size:16px\"><a class=\"wp-block-button__link has-luminous-vivid-orange-color has-white-background-color has-text-color has-background has-text-align-center wp-element-button\" href=\"https:\/\/outinord.fr\/?page_id=299\" style=\"border-radius:100px\"><strong>OUTINORD<\/strong><\/a><\/div>\n<\/div>\n\n\n\n<p class=\"has-text-align-center\">392 Rue de Millonfosse<br>59230 SAINT-AMAND-LES-EAUX<br>Tel : +33 (0)3 27 23 83 83<br><a href=\"mailto:outinord@outinord.fr\">outinord@outinord.fr<\/a><\/p>\n<\/div>\n\n\n\n<div class=\"wp-block-column is-layout-flow wp-block-column-is-layout-flow\">\n<div class=\"wp-block-buttons is-content-justification-center is-layout-flex wp-container-core-buttons-is-layout-16018d1d wp-block-buttons-is-layout-flex\">\n<div class=\"wp-block-button has-custom-width wp-block-button__width-100 has-custom-font-size is-style-outline is-style-outline--3\" style=\"font-size:16px\"><a class=\"wp-block-button__link has-luminous-vivid-orange-color has-text-color wp-element-button\" href=\"https:\/\/outinord.fr\/?page_id=299\" style=\"border-radius:100px\"><strong>OUTINORD LOCATION<\/strong><\/a><\/div>\n<\/div>\n\n\n\n<p class=\"has-text-align-center\">392 Rue de Millonfosse<br>59230 SAINT-AMAND-LES-EAUX<br>Tel : +33 (0)3 27 48 58 74<br><a href=\"mailto:outinord-location@outinord.fr\">outinord-location@outinord.fr<\/a><\/p>\n<\/div>\n\n\n\n<div class=\"wp-block-column is-layout-flow wp-block-column-is-layout-flow\">\n<div class=\"wp-block-buttons is-layout-flex wp-block-buttons-is-layout-flex\">\n<div class=\"wp-block-button has-custom-width wp-block-button__width-100 has-custom-font-size is-style-outline is-style-outline--4\" style=\"font-size:16px\"><a class=\"wp-block-button__link has-luminous-vivid-orange-color has-text-color wp-element-button\" href=\"https:\/\/outinord.net\/\" style=\"border-radius:100px\" target=\"_blank\" rel=\"noreferrer noopener\"><strong>OUTINORD UNIVERSAL<\/strong><\/a><\/div>\n<\/div>\n\n\n\n<p class=\"has-text-align-center\">20200 W Dixie Hwy. Ste 809<br>Miami, FL 33180 &#8211; USA<br>Tel : +1 (305) 604 3494<br><a href=\"mailto:oui@outinord.net\">oui@outinord.net<\/a><\/p>\n<\/div>\n<\/div>\n\n\n\n<p class=\"has-text-align-center\"><img loading=\"lazy\" decoding=\"async\" width=\"233\" height=\"44\" class=\"wp-image-2438\" style=\"width: 233px;\" src=\"https:\/\/outinord.fr\/wp-content\/uploads\/2023\/10\/hotline.png\" alt=\"\"><\/p>\n\n\n\n<hr class=\"wp-block-separator has-alpha-channel-opacity\"\/>\n","protected":false},"excerpt":{"rendered":"<p>La gamme B8000 est reconnue par ses utilisateurs pour ses capacit\u00e9s \u00e0 atteindre les meilleurs niveaux de productivit\u00e9 dans des conditions de s\u00e9curit\u00e9 optimales. Les Qualit\u00e9s de la B8000 Evo4 Pour plus d&rsquo;informations sur nos produits, contactez-nous : 392 Rue de Millonfosse59230 SAINT-AMAND-LES-EAUXTel : +33 (0)3 27 23 83 83outinord@outinord.fr 392 Rue de Millonfosse59230 SAINT-AMAND-LES-EAUXTel [&hellip;]<\/p>\n","protected":false},"author":1,"featured_media":0,"parent":0,"menu_order":0,"comment_status":"closed","ping_status":"closed","template":"fullwidth.php","meta":{"footnotes":""},"class_list":["post-120","page","type-page","status-publish","hentry"],"_links":{"self":[{"href":"https:\/\/outinord.fr\/index.php?rest_route=\/wp\/v2\/pages\/120","targetHints":{"allow":["GET"]}}],"collection":[{"href":"https:\/\/outinord.fr\/index.php?rest_route=\/wp\/v2\/pages"}],"about":[{"href":"https:\/\/outinord.fr\/index.php?rest_route=\/wp\/v2\/types\/page"}],"author":[{"embeddable":true,"href":"https:\/\/outinord.fr\/index.php?rest_route=\/wp\/v2\/users\/1"}],"replies":[{"embeddable":true,"href":"https:\/\/outinord.fr\/index.php?rest_route=%2Fwp%2Fv2%2Fcomments&post=120"}],"version-history":[{"count":147,"href":"https:\/\/outinord.fr\/index.php?rest_route=\/wp\/v2\/pages\/120\/revisions"}],"predecessor-version":[{"id":3154,"href":"https:\/\/outinord.fr\/index.php?rest_route=\/wp\/v2\/pages\/120\/revisions\/3154"}],"wp:attachment":[{"href":"https:\/\/outinord.fr\/index.php?rest_route=%2Fwp%2Fv2%2Fmedia&parent=120"}],"curies":[{"name":"wp","href":"https:\/\/api.w.org\/{rel}","templated":true}]}}