{"id":105,"date":"2023-06-13T13:51:57","date_gmt":"2023-06-13T11:51:57","guid":{"rendered":"https:\/\/outinord.fr\/site2023\/?page_id=105"},"modified":"2023-10-06T08:02:26","modified_gmt":"2023-10-06T06:02:26","slug":"produits","status":"publish","type":"page","link":"https:\/\/outinord.fr\/?page_id=105","title":{"rendered":"Produits"},"content":{"rendered":"\n<figure class=\"wp-block-gallery has-nested-images columns-default is-cropped wp-block-gallery-1 is-layout-flex wp-block-gallery-is-layout-flex\">\n<figure class=\"wp-block-image size-full\"><a href=\"https:\/\/outinord.fr\/?page_id=110\"><img loading=\"lazy\" decoding=\"async\" width=\"400\" height=\"682\" data-id=\"2605\" src=\"https:\/\/outinord.fr\/wp-content\/uploads\/2023\/10\/B10000-1.png\" alt=\"\" class=\"wp-image-2605\" style=\"object-fit:cover\" srcset=\"https:\/\/outinord.fr\/wp-content\/uploads\/2023\/10\/B10000-1.png 400w, https:\/\/outinord.fr\/wp-content\/uploads\/2023\/10\/B10000-1-176x300.png 176w\" sizes=\"auto, (max-width: 400px) 100vw, 400px\" \/><\/a><\/figure>\n\n\n\n<figure class=\"wp-block-image size-full is-style-default\"><a href=\"https:\/\/outinord.fr\/?page_id=1231\"><img loading=\"lazy\" decoding=\"async\" width=\"400\" height=\"682\" data-id=\"2606\" src=\"https:\/\/outinord.fr\/wp-content\/uploads\/2023\/10\/ptsplus-1.png\" alt=\"\" class=\"wp-image-2606\" srcset=\"https:\/\/outinord.fr\/wp-content\/uploads\/2023\/10\/ptsplus-1.png 400w, https:\/\/outinord.fr\/wp-content\/uploads\/2023\/10\/ptsplus-1-176x300.png 176w\" sizes=\"auto, (max-width: 400px) 100vw, 400px\" \/><\/a><\/figure>\n\n\n\n<figure class=\"wp-block-image size-full\"><a href=\"https:\/\/outinord.fr\/?page_id=179\"><img loading=\"lazy\" decoding=\"async\" width=\"400\" height=\"682\" data-id=\"2607\" src=\"https:\/\/outinord.fr\/wp-content\/uploads\/2023\/10\/tunnel.png\" alt=\"\" class=\"wp-image-2607\" srcset=\"https:\/\/outinord.fr\/wp-content\/uploads\/2023\/10\/tunnel.png 400w, https:\/\/outinord.fr\/wp-content\/uploads\/2023\/10\/tunnel-176x300.png 176w\" sizes=\"auto, (max-width: 400px) 100vw, 400px\" \/><\/a><\/figure>\n\n\n\n<figure class=\"wp-block-image size-full\"><a href=\"https:\/\/outinord.fr\/?page_id=1581\"><img loading=\"lazy\" decoding=\"async\" width=\"400\" height=\"682\" data-id=\"2608\" src=\"https:\/\/outinord.fr\/wp-content\/uploads\/2023\/10\/Moule-multipoche-2.png\" alt=\"\" class=\"wp-image-2608\" style=\"object-fit:cover\" srcset=\"https:\/\/outinord.fr\/wp-content\/uploads\/2023\/10\/Moule-multipoche-2.png 400w, https:\/\/outinord.fr\/wp-content\/uploads\/2023\/10\/Moule-multipoche-2-176x300.png 176w\" sizes=\"auto, (max-width: 400px) 100vw, 400px\" \/><\/a><\/figure>\n\n\n\n<figure class=\"wp-block-image size-full\"><a href=\"https:\/\/outinord.fr\/?page_id=271\"><img loading=\"lazy\" decoding=\"async\" width=\"400\" height=\"682\" data-id=\"2609\" src=\"https:\/\/outinord.fr\/wp-content\/uploads\/2023\/10\/table-4.png\" alt=\"\" class=\"wp-image-2609\" srcset=\"https:\/\/outinord.fr\/wp-content\/uploads\/2023\/10\/table-4.png 400w, https:\/\/outinord.fr\/wp-content\/uploads\/2023\/10\/table-4-176x300.png 176w\" sizes=\"auto, (max-width: 400px) 100vw, 400px\" \/><\/a><\/figure>\n\n\n\n<figure class=\"wp-block-image size-full\"><a href=\"https:\/\/outinord.fr\/?page_id=293\"><img loading=\"lazy\" decoding=\"async\" width=\"400\" height=\"682\" data-id=\"2611\" src=\"https:\/\/outinord.fr\/wp-content\/uploads\/2023\/10\/special.png\" alt=\"\" class=\"wp-image-2611\" srcset=\"https:\/\/outinord.fr\/wp-content\/uploads\/2023\/10\/special.png 400w, https:\/\/outinord.fr\/wp-content\/uploads\/2023\/10\/special-176x300.png 176w\" sizes=\"auto, (max-width: 400px) 100vw, 400px\" \/><\/a><\/figure>\n<\/figure>\n\n\n\n<hr class=\"wp-block-separator has-alpha-channel-opacity\"\/>\n\n\n\n<p class=\"has-text-align-center has-black-color has-text-color\">Les \u00e9quipes d&rsquo;OUTINORD sont pr\u00e9sentes pour r\u00e9pondre \u00e0 vos questions sur nos produits et vous accompagner sur vos demandes de services.<\/p>\n\n\n\n<div class=\"wp-block-columns alignfull has-text-color has-background is-layout-flex wp-container-core-columns-is-layout-9d6595d7 wp-block-columns-is-layout-flex\" style=\"color:#000000;background-color:#ffffff\">\n<div class=\"wp-block-column is-layout-flow wp-block-column-is-layout-flow\">\n<div class=\"wp-block-buttons is-content-justification-center is-layout-flex wp-container-core-buttons-is-layout-16018d1d wp-block-buttons-is-layout-flex\">\n<div class=\"wp-block-button has-custom-width wp-block-button__width-100 has-custom-font-size is-style-outline is-style-outline--2\" style=\"font-size:16px\"><a class=\"wp-block-button__link has-luminous-vivid-orange-color has-white-background-color has-text-color has-background has-text-align-center wp-element-button\" href=\"https:\/\/outinord.fr\/?page_id=299\" style=\"border-radius:100px\"><strong>OUTINORD<\/strong><\/a><\/div>\n<\/div>\n\n\n\n<p class=\"has-text-align-center\">392 Rue de Millonfosse<br>59230 SAINT-AMAND-LES-EAUX<br>Tel : +33 (0)3 27 23 83 83<br><a href=\"mailto:outinord@outinord.fr\">outinord@outinord.fr<\/a><\/p>\n<\/div>\n\n\n\n<div class=\"wp-block-column is-layout-flow wp-block-column-is-layout-flow\">\n<div class=\"wp-block-buttons is-content-justification-center is-layout-flex wp-container-core-buttons-is-layout-16018d1d wp-block-buttons-is-layout-flex\">\n<div class=\"wp-block-button has-custom-width wp-block-button__width-100 has-custom-font-size is-style-outline is-style-outline--3\" style=\"font-size:16px\"><a class=\"wp-block-button__link has-luminous-vivid-orange-color has-text-color wp-element-button\" href=\"https:\/\/outinord.fr\/?page_id=299\" style=\"border-radius:100px\"><strong>OUTINORD LOCATION<\/strong><\/a><\/div>\n<\/div>\n\n\n\n<p class=\"has-text-align-center\">392 Rue de Millonfosse<br>59230 SAINT-AMAND-LES-EAUX<br>Tel : +33 (0)3 27 48 58 74<br><a href=\"mailto:outinord-location@outinord.fr\">outinord-location@outinord.fr<\/a><\/p>\n<\/div>\n\n\n\n<div class=\"wp-block-column is-layout-flow wp-block-column-is-layout-flow\">\n<div class=\"wp-block-buttons is-layout-flex wp-block-buttons-is-layout-flex\">\n<div class=\"wp-block-button has-custom-width wp-block-button__width-100 has-custom-font-size is-style-outline is-style-outline--4\" style=\"font-size:16px\"><a class=\"wp-block-button__link has-luminous-vivid-orange-color has-text-color wp-element-button\" href=\"https:\/\/outinord.net\/\" style=\"border-radius:100px\" target=\"_blank\" rel=\"noreferrer noopener\"><strong>OUTINORD UNIVERSAL<\/strong><\/a><\/div>\n<\/div>\n\n\n\n<p class=\"has-text-align-center\">20200 W Dixie Hwy. Ste 809<br>Miami, FL 33180 &#8211; USA<br>Tel : +1 (305) 604 3494<br><a href=\"mailto:oui@outinord.net\">oui@outinord.net<\/a><\/p>\n<\/div>\n<\/div>\n\n\n\n<hr class=\"wp-block-separator has-alpha-channel-opacity\"\/>\n","protected":false},"excerpt":{"rendered":"<p>Les \u00e9quipes d&rsquo;OUTINORD sont pr\u00e9sentes pour r\u00e9pondre \u00e0 vos questions sur nos produits et vous accompagner sur vos demandes de services. 392 Rue de Millonfosse59230 SAINT-AMAND-LES-EAUXTel : +33 (0)3 27 23 83 83outinord@outinord.fr 392 Rue de Millonfosse59230 SAINT-AMAND-LES-EAUXTel : +33 (0)3 27 48 58 74outinord-location@outinord.fr 20200 W Dixie Hwy. Ste 809Miami, FL 33180 &#8211; USATel [&hellip;]<\/p>\n","protected":false},"author":1,"featured_media":0,"parent":0,"menu_order":0,"comment_status":"closed","ping_status":"closed","template":"fullwidth.php","meta":{"footnotes":""},"class_list":["post-105","page","type-page","status-publish","hentry"],"_links":{"self":[{"href":"https:\/\/outinord.fr\/index.php?rest_route=\/wp\/v2\/pages\/105","targetHints":{"allow":["GET"]}}],"collection":[{"href":"https:\/\/outinord.fr\/index.php?rest_route=\/wp\/v2\/pages"}],"about":[{"href":"https:\/\/outinord.fr\/index.php?rest_route=\/wp\/v2\/types\/page"}],"author":[{"embeddable":true,"href":"https:\/\/outinord.fr\/index.php?rest_route=\/wp\/v2\/users\/1"}],"replies":[{"embeddable":true,"href":"https:\/\/outinord.fr\/index.php?rest_route=%2Fwp%2Fv2%2Fcomments&post=105"}],"version-history":[{"count":115,"href":"https:\/\/outinord.fr\/index.php?rest_route=\/wp\/v2\/pages\/105\/revisions"}],"predecessor-version":[{"id":2614,"href":"https:\/\/outinord.fr\/index.php?rest_route=\/wp\/v2\/pages\/105\/revisions\/2614"}],"wp:attachment":[{"href":"https:\/\/outinord.fr\/index.php?rest_route=%2Fwp%2Fv2%2Fmedia&parent=105"}],"curies":[{"name":"wp","href":"https:\/\/api.w.org\/{rel}","templated":true}]}}